{"id":3802,"date":"2022-05-09T08:25:53","date_gmt":"2022-05-09T07:25:53","guid":{"rendered":"https:\/\/esenarliving.com\/?page_id=3802"},"modified":"2024-04-22T18:22:30","modified_gmt":"2024-04-22T17:22:30","slug":"download-the-guide","status":"publish","type":"page","link":"https:\/\/esenarliving.com\/es\/download-the-guide\/","title":{"rendered":"Download The Guide"},"content":{"rendered":"<div data-elementor-type=\"wp-page\" data-elementor-id=\"3802\" class=\"elementor elementor-3802\" data-elementor-post-type=\"page\">\n\t\t\t\t\t\t<section class=\"elementor-section elementor-top-section elementor-element elementor-element-b301777 elementor-section-boxed elementor-section-height-default elementor-section-height-default\" data-id=\"b301777\" data-element_type=\"section\" data-e-type=\"section\">\n\t\t\t\t\t\t<div class=\"elementor-container elementor-column-gap-default\">\n\t\t\t\t\t<div class=\"elementor-column elementor-col-100 elementor-top-column elementor-element elementor-element-a73fcab\" data-id=\"a73fcab\" data-element_type=\"column\" data-e-type=\"column\">\n\t\t\t<div class=\"elementor-widget-wrap elementor-element-populated\">\n\t\t\t\t\t\t<div class=\"elementor-element elementor-element-c2fd9e6 elementor-widget elementor-widget-text-editor\" data-id=\"c2fd9e6\" data-element_type=\"widget\" data-e-type=\"widget\" data-widget_type=\"text-editor.default\">\n\t\t\t\t<div class=\"elementor-widget-container\">\n\t\t\t\t\t\t\t\t\t<p>Thanks for your interest in our guide, click on the button and download it now!<\/p>\t\t\t\t\t\t\t\t<\/div>\n\t\t\t\t<\/div>\n\t\t\t\t\t<\/div>\n\t\t<\/div>\n\t\t\t\t\t<\/div>\n\t\t<\/section>\n\t\t\t\t<section class=\"elementor-section elementor-top-section elementor-element elementor-element-45dab86 elementor-section-boxed elementor-section-height-default elementor-section-height-default\" data-id=\"45dab86\" data-element_type=\"section\" data-e-type=\"section\" data-settings=\"{&quot;background_background&quot;:&quot;classic&quot;}\">\n\t\t\t\t\t\t<div class=\"elementor-container elementor-column-gap-default\">\n\t\t\t\t\t<div class=\"elementor-column elementor-col-100 elementor-top-column elementor-element elementor-element-09cf902\" data-id=\"09cf902\" data-element_type=\"column\" data-e-type=\"column\">\n\t\t\t<div class=\"elementor-widget-wrap elementor-element-populated\">\n\t\t\t\t\t\t<div class=\"elementor-element elementor-element-088a1c8 elementor-widget elementor-widget-heading\" data-id=\"088a1c8\" data-element_type=\"widget\" data-e-type=\"widget\" data-widget_type=\"heading.default\">\n\t\t\t\t<div class=\"elementor-widget-container\">\n\t\t\t\t\t<h2 class=\"elementor-heading-title elementor-size-default\">Descubre nuestros servicios a medida<\/h2>\t\t\t\t<\/div>\n\t\t\t\t<\/div>\n\t\t\t\t<section class=\"elementor-section elementor-inner-section elementor-element elementor-element-73a888e elementor-section-boxed elementor-section-height-default elementor-section-height-default\" data-id=\"73a888e\" data-element_type=\"section\" data-e-type=\"section\">\n\t\t\t\t\t\t<div class=\"elementor-container elementor-column-gap-no\">\n\t\t\t\t\t<div class=\"elementor-column elementor-col-25 elementor-inner-column elementor-element elementor-element-3c34168\" data-id=\"3c34168\" data-element_type=\"column\" data-e-type=\"column\">\n\t\t\t<div class=\"elementor-widget-wrap elementor-element-populated\">\n\t\t\t\t\t\t<div class=\"elementor-element elementor-element-63316a5 elementor-view-stacked elementor-shape-square elementor-position-block-start elementor-mobile-position-block-start elementor-widget elementor-widget-icon-box\" data-id=\"63316a5\" data-element_type=\"widget\" data-e-type=\"widget\" data-widget_type=\"icon-box.default\">\n\t\t\t\t<div class=\"elementor-widget-container\">\n\t\t\t\t\t\t\t<div class=\"elementor-icon-box-wrapper\">\n\n\t\t\t\t\t\t<div class=\"elementor-icon-box-icon\">\n\t\t\t\t<a href=\"\/es\/properties\/jsf\/jet-engine\/meta\/transaction:for_sale\/\" class=\"elementor-icon\" tabindex=\"-1\" aria-label=\"Ventas\">\n\t\t\t\t<svg xmlns=\"http:\/\/www.w3.org\/2000\/svg\" width=\"47.891\" height=\"47.891\" viewbox=\"0 0 47.891 47.891\"><path id=\"Trazado_6331\" data-name=\"Trazado 6331\" d=\"M23.934,15.8a3.274,3.274,0,1,0,3.274,3.274A3.274,3.274,0,0,0,23.934,15.8Zm0,5.145a1.871,1.871,0,1,1,1.871-1.871A1.871,1.871,0,0,1,23.934,20.949Zm22,21.136a5.272,5.272,0,0,0-3.762-1.143V22.635l.961.625a1.636,1.636,0,0,0,2.529-1.372V20.046a2.223,2.223,0,0,0,1.2-1.97v-.907a3.349,3.349,0,0,0-1.612-2.854l-4.278-2.577v-5.2a2.2,2.2,0,0,0,.6-1.527L41.541,1.7A1.72,1.72,0,0,0,39.826,0h-5.9A1.716,1.716,0,0,0,32.21,1.731l.024,2.648a1.868,1.868,0,0,0,.494,1.246L32.719,6.77c-2.947-1.773-5.829-3.507-8-4.808a.692.692,0,0,0-.062-.033,1.7,1.7,0,0,0-1.457,0,.682.682,0,0,0-.061.033L15.6,6.482a.7.7,0,1,0,.721,1.2l7.5-4.5a.3.3,0,0,1,.214,0c5.939,3.566,17.177,10.336,20.486,12.329a1.939,1.939,0,0,1,.933,1.652v.907a.817.817,0,0,1-1.465.5,5.316,5.316,0,0,0-1.712-1.42l-.092-.053a4.944,4.944,0,0,1-1.232-1.371,6.3,6.3,0,0,0-1.775-1.875,6.135,6.135,0,0,0-2.41-.66,5.076,5.076,0,0,1-1.869-.471,5.225,5.225,0,0,1-1.359-1.491A5.96,5.96,0,0,0,31.9,9.477a6.707,6.707,0,0,0-2.646-.74,4.691,4.691,0,0,1-1.633-.392,3.6,3.6,0,0,1-1.424-1.84c-.38-.842-.9-1.994-2.594-1.553A3.119,3.119,0,0,0,21.394,6.93a2.844,2.844,0,0,1-1.153,1.417,3,3,0,0,1-1.791.467A4.675,4.675,0,0,0,14.2,11.368a3,3,0,0,1-1.253,1.362,3,3,0,0,1-1.791.467,4.355,4.355,0,0,0-2.492.667A4.355,4.355,0,0,0,6.9,15.751a3,3,0,0,1-1.252,1.362c-.059.035-.117.068-.173.1a5.7,5.7,0,0,0-1.721,1.4.814.814,0,0,1-.622.288h0a.843.843,0,0,1-.815-.863v-.858a1.938,1.938,0,0,1,.937-1.654l10.4-6.232a.7.7,0,1,0-.721-1.2l-10.4,6.232A3.348,3.348,0,0,0,.916,17.173v.858A2.274,2.274,0,0,0,2.2,20.087v1.582a1.637,1.637,0,0,0,2.519,1.379l.972-.621v2.333A2.672,2.672,0,0,0,4.6,26.1L.271,35.879a1.258,1.258,0,0,0,.47,1.614,13.717,13.717,0,0,0,3.419,1.124v2.472a5.288,5.288,0,0,0-2.294,1.12,5.212,5.212,0,0,0-1.865,4v.043a1.639,1.639,0,0,0,1.637,1.637H46.254a1.639,1.639,0,0,0,1.637-1.637v-.092a5.2,5.2,0,0,0-1.955-4.078Zm-6.367-31.19L34.115,7.611l.011-1.371a1.88,1.88,0,0,0,1.864-1.878V4.15a.571.571,0,0,1,1.142,0v.882A2.219,2.219,0,0,0,39.35,7.249q.11,0,.219-.011Zm.359-5.289a.814.814,0,0,1-1.392-.573V4.15a1.974,1.974,0,0,0-3.948,0v.212a.475.475,0,1,1-.95,0l-.024-2.648a.313.313,0,0,1,.313-.315h5.9a.313.313,0,0,1,.313.31l.025,3.312a.808.808,0,0,1-.236.579ZM3.967,21.865a.234.234,0,0,1-.36-.2V20.247a2.214,2.214,0,0,0,1.221-.732,4.31,4.31,0,0,1,1.294-1.059c.083-.043.168-.09.253-.141a4.355,4.355,0,0,0,1.759-1.887,3,3,0,0,1,1.253-1.362,3,3,0,0,1,1.791-.467,4.355,4.355,0,0,0,2.492-.667,4.355,4.355,0,0,0,1.759-1.887,3.278,3.278,0,0,1,3.044-1.829,4.356,4.356,0,0,0,2.492-.667,4.19,4.19,0,0,0,1.693-2.008c.309-.638.5-1.023,1.3-1.232.51-.132.558-.121.962.773a4.944,4.944,0,0,0,1.98,2.465,5.646,5.646,0,0,0,2.172.58,5.581,5.581,0,0,1,2.106.552A4.937,4.937,0,0,1,32.4,12.048a6.3,6.3,0,0,0,1.778,1.879,6.13,6.13,0,0,0,2.407.659,5.082,5.082,0,0,1,1.871.472,5.22,5.22,0,0,1,1.356,1.488A5.968,5.968,0,0,0,41.466,18.3q.073.044.148.084a3.927,3.927,0,0,1,1.267,1.041,2.2,2.2,0,0,0,1.381.836v1.623a.233.233,0,0,1-.361.2L24.72,9.611a.71.71,0,0,0-.078-.044,1.627,1.627,0,0,0-1.412,0,.71.71,0,0,0-.076.042ZM29.9,38.388a.7.7,0,0,0,.7-.7V29.841a3.512,3.512,0,0,0-3.508-3.508H20.777a3.512,3.512,0,0,0-3.508,3.508V39.864A7.052,7.052,0,0,0,14.5,39.4a9.107,9.107,0,0,0-3.87.968,8.894,8.894,0,0,1-1.9.673V38.617a13.724,13.724,0,0,0,3.417-1.123,1.259,1.259,0,0,0,.472-1.615L8.284,26.1A2.574,2.574,0,0,0,7.1,24.712V21.53L23.86,10.82a.229.229,0,0,1,.145,0l16.766,10.9V41.175a10.107,10.107,0,0,1-1.07.108,8.757,8.757,0,0,1-3.8-.7,12.041,12.041,0,0,0-4.522-.886h-.039a10.734,10.734,0,0,0-5,1.2,7.121,7.121,0,0,1-4.091.858,7.683,7.683,0,0,1-3.528-1.17l-.051-.028V29.841a2.107,2.107,0,0,1,2.1-2.1h6.315a2.107,2.107,0,0,1,2.1,2.1v7.845a.7.7,0,0,0,.7.7ZM1.6,36.345l4.286-9.681c.234-.529.477-.7.558-.7s.324.171.558.7l4.287,9.681a11.716,11.716,0,0,1-4.774,1.08,10.886,10.886,0,0,1-1.521-.094.692.692,0,0,0-.071-.01A12.078,12.078,0,0,1,1.6,36.345ZM7.324,38.8v2.365a7.391,7.391,0,0,1-1.111-.109,5.41,5.41,0,0,0-.651-.073V38.8c.293.021.587.033.881.033h.079c.267,0,.535-.013.8-.032Zm39.164,7.458a.234.234,0,0,1-.234.234H1.637a.234.234,0,0,1-.234-.234v-.043a3.811,3.811,0,0,1,1.364-2.927,3.9,3.9,0,0,1,2.51-.911,3.989,3.989,0,0,1,.693.061,8.613,8.613,0,0,0,1.628.133c.164,0,.32-.01.473-.021l.031,0a8.7,8.7,0,0,0,3.094-.889,7.709,7.709,0,0,1,3.327-.848,6.055,6.055,0,0,1,3.518,1,9.082,9.082,0,0,0,4.1,1.342,8.478,8.478,0,0,0,4.792-.981,9.408,9.408,0,0,1,4.418-1.07h.037a10.567,10.567,0,0,1,4.045.8,10.158,10.158,0,0,0,4.335.781,11.631,11.631,0,0,0,2-.266,3.889,3.889,0,0,1,3.294.76,3.806,3.806,0,0,1,1.43,2.984Z\" transform=\"translate(0 0)\" fill=\"#15126b\"><\/path><\/svg>\t\t\t\t<\/a>\n\t\t\t<\/div>\n\t\t\t\n\t\t\t\t\t\t<div class=\"elementor-icon-box-content\">\n\n\t\t\t\t\t\t\t\t\t<h3 class=\"elementor-icon-box-title\">\n\t\t\t\t\t\t<a href=\"\/es\/properties\/jsf\/jet-engine\/meta\/transaction:for_sale\/\" >\n\t\t\t\t\t\t\tVentas\t\t\t\t\t\t<\/a>\n\t\t\t\t\t<\/h3>\n\t\t\t\t\n\t\t\t\t\t\t\t\t\t<p class=\"elementor-icon-box-description\">\n\t\t\t\t\t\tVende o compra propiedades con nosotros. Livinmalaga puede conseguirle el mejor trato posible.\t\t\t\t\t<\/p>\n\t\t\t\t\n\t\t\t<\/div>\n\t\t\t\n\t\t<\/div>\n\t\t\t\t\t\t<\/div>\n\t\t\t\t<\/div>\n\t\t\t\t\t<\/div>\n\t\t<\/div>\n\t\t\t\t<div class=\"elementor-column elementor-col-25 elementor-inner-column elementor-element elementor-element-b03881d\" data-id=\"b03881d\" data-element_type=\"column\" data-e-type=\"column\">\n\t\t\t<div class=\"elementor-widget-wrap elementor-element-populated\">\n\t\t\t\t\t\t<div class=\"elementor-element elementor-element-94b5d88 elementor-view-stacked elementor-shape-square elementor-position-block-start elementor-mobile-position-block-start elementor-widget elementor-widget-icon-box\" data-id=\"94b5d88\" data-element_type=\"widget\" data-e-type=\"widget\" data-widget_type=\"icon-box.default\">\n\t\t\t\t<div class=\"elementor-widget-container\">\n\t\t\t\t\t\t\t<div class=\"elementor-icon-box-wrapper\">\n\n\t\t\t\t\t\t<div class=\"elementor-icon-box-icon\">\n\t\t\t\t<a href=\"\/es\/properties\/jsf\/jet-engine\/meta\/transaction:for_rent\/\" class=\"elementor-icon\" tabindex=\"-1\" aria-label=\"Alquileres\">\n\t\t\t\t<svg xmlns=\"http:\/\/www.w3.org\/2000\/svg\" width=\"41.563\" height=\"41.563\" viewbox=\"0 0 41.563 41.563\"><g id=\"Mail_Box\" data-name=\"Mail Box\" transform=\"translate(-2 -2)\"><path id=\"Trazado_6326\" data-name=\"Trazado 6326\" d=\"M42.079,6.453H4.969V3.484A1.484,1.484,0,0,0,2,3.484V42.079a1.484,1.484,0,0,0,2.969,0V9.422h8.906v4.453H12.391a4.453,4.453,0,0,0-4.453,4.453V25.75A4.453,4.453,0,0,0,12.391,30.2h23.75a4.453,4.453,0,0,0,4.453-4.453V18.328a4.453,4.453,0,0,0-4.453-4.453H33.172V9.422h8.906a1.484,1.484,0,0,0,0-2.969ZM36.141,16.844a1.484,1.484,0,0,1,1.484,1.484V25.75a1.484,1.484,0,0,1-1.484,1.484H12.391a1.484,1.484,0,0,1-1.484-1.484V18.328a1.484,1.484,0,0,1,1.484-1.484ZM30.2,13.875H16.844V9.422H30.2Z\" fill=\"#15126b\"><\/path><path id=\"Trazado_6327\" data-name=\"Trazado 6327\" d=\"M11.795,17.049h.445a.623.623,0,0,1,.579.312l.98,1.8h1.618l-.891-1.6a1.143,1.143,0,0,0-.772-.623,1.722,1.722,0,0,0,.995-.594,1.692,1.692,0,0,0,.356-1.084,1.6,1.6,0,0,0-.52-1.277,2.3,2.3,0,0,0-1.484-.445H10.34v5.626h1.484Zm0-2.4H12.8a1.2,1.2,0,0,1,.7.163.594.594,0,0,1,.208.5.564.564,0,0,1-.208.49,1.217,1.217,0,0,1-.7.148H11.78Z\" transform=\"translate(4.04 5.584)\" fill=\"#15126b\"><\/path><path id=\"Trazado_6328\" data-name=\"Trazado 6328\" d=\"M18.148,18.028H15.58V16.855h2.4V15.727h-2.4V14.658h2.568V13.53H14.14v5.626h4.008Z\" transform=\"translate(5.881 5.585)\" fill=\"#15126b\"><\/path><path id=\"Trazado_6329\" data-name=\"Trazado 6329\" d=\"M18.716,15.935l2.568,3.221h1.084V13.53H21v3.221L18.419,13.53H17.35v5.626h1.366Z\" transform=\"translate(7.435 5.585)\" fill=\"#15126b\"><\/path><path id=\"Trazado_6330\" data-name=\"Trazado 6330\" d=\"M22.817,19.156H24.3V14.718h1.692V13.53H21.14v1.188h1.677Z\" transform=\"translate(9.271 5.585)\" fill=\"#15126b\"><\/path><\/g><\/svg>\t\t\t\t<\/a>\n\t\t\t<\/div>\n\t\t\t\n\t\t\t\t\t\t<div class=\"elementor-icon-box-content\">\n\n\t\t\t\t\t\t\t\t\t<h3 class=\"elementor-icon-box-title\">\n\t\t\t\t\t\t<a href=\"\/es\/properties\/jsf\/jet-engine\/meta\/transaction:for_rent\/\" >\n\t\t\t\t\t\t\tAlquileres\t\t\t\t\t\t<\/a>\n\t\t\t\t\t<\/h3>\n\t\t\t\t\n\t\t\t\t\t\t\t\t\t<p class=\"elementor-icon-box-description\">\n\t\t\t\t\t\tListados de alquileres de corta y larga duraci\u00f3n en la Costa del Sol.\t\t\t\t\t<\/p>\n\t\t\t\t\n\t\t\t<\/div>\n\t\t\t\n\t\t<\/div>\n\t\t\t\t\t\t<\/div>\n\t\t\t\t<\/div>\n\t\t\t\t\t<\/div>\n\t\t<\/div>\n\t\t\t\t<div class=\"elementor-column elementor-col-25 elementor-inner-column elementor-element elementor-element-7dbf74b\" data-id=\"7dbf74b\" data-element_type=\"column\" data-e-type=\"column\">\n\t\t\t<div class=\"elementor-widget-wrap elementor-element-populated\">\n\t\t\t\t\t\t<div class=\"elementor-element elementor-element-8277bad elementor-view-stacked elementor-shape-square elementor-position-block-start elementor-mobile-position-block-start elementor-widget elementor-widget-icon-box\" data-id=\"8277bad\" data-element_type=\"widget\" data-e-type=\"widget\" data-widget_type=\"icon-box.default\">\n\t\t\t\t<div class=\"elementor-widget-container\">\n\t\t\t\t\t\t\t<div class=\"elementor-icon-box-wrapper\">\n\n\t\t\t\t\t\t<div class=\"elementor-icon-box-icon\">\n\t\t\t\t<a href=\"\/es\/relocation\/\" class=\"elementor-icon\" tabindex=\"-1\" aria-label=\"Reubicaci\u00f3n\">\n\t\t\t\t<svg xmlns=\"http:\/\/www.w3.org\/2000\/svg\" width=\"42.249\" height=\"38.875\" viewbox=\"0 0 42.249 38.875\"><path id=\"Trazado_6332\" data-name=\"Trazado 6332\" d=\"M35.253,9.56h-2.08V6.508a4.776,4.776,0,0,0-4.77-4.77H14.846a4.776,4.776,0,0,0-4.77,4.77V9.56H8a7.5,7.5,0,0,0-7.5,7.5V33.117a7.5,7.5,0,0,0,7.5,7.5H35.253a7.5,7.5,0,0,0,7.5-7.5V17.055A7.5,7.5,0,0,0,35.253,9.56ZM7.246,36.435a3.408,3.408,0,0,1-2.658-3.318V17.055a3.409,3.409,0,0,1,2.658-3.318ZM14.165,6.508a.682.682,0,0,1,.681-.681H28.4a.682.682,0,0,1,.681.681V9.56H14.165ZM31.914,36.524H11.335V13.648H31.914Zm6.746-3.407A3.409,3.409,0,0,1,36,36.435v-22.7a3.409,3.409,0,0,1,2.658,3.318Z\" transform=\"translate(-0.5 -1.738)\" fill=\"#15126b\"><\/path><\/svg>\t\t\t\t<\/a>\n\t\t\t<\/div>\n\t\t\t\n\t\t\t\t\t\t<div class=\"elementor-icon-box-content\">\n\n\t\t\t\t\t\t\t\t\t<h3 class=\"elementor-icon-box-title\">\n\t\t\t\t\t\t<a href=\"\/es\/relocation\/\" >\n\t\t\t\t\t\t\tReubicaci\u00f3n\t\t\t\t\t\t<\/a>\n\t\t\t\t\t<\/h3>\n\t\t\t\t\n\t\t\t\t\t\t\t\t\t<p class=\"elementor-icon-box-description\">\n\t\t\t\t\t\tD\u00edganos sus peticiones y d\u00e9jenos hacer el trabajo duro. Mudarse nunca ha sido tan f\u00e1cil.\t\t\t\t\t<\/p>\n\t\t\t\t\n\t\t\t<\/div>\n\t\t\t\n\t\t<\/div>\n\t\t\t\t\t\t<\/div>\n\t\t\t\t<\/div>\n\t\t\t\t\t<\/div>\n\t\t<\/div>\n\t\t\t\t<div class=\"elementor-column elementor-col-25 elementor-inner-column elementor-element elementor-element-717f731\" data-id=\"717f731\" data-element_type=\"column\" data-e-type=\"column\">\n\t\t\t<div class=\"elementor-widget-wrap elementor-element-populated\">\n\t\t\t\t\t\t<div class=\"elementor-element elementor-element-1f618b4 elementor-view-stacked elementor-shape-square elementor-position-block-start elementor-mobile-position-block-start elementor-widget elementor-widget-icon-box\" data-id=\"1f618b4\" data-element_type=\"widget\" data-e-type=\"widget\" data-widget_type=\"icon-box.default\">\n\t\t\t\t<div class=\"elementor-widget-container\">\n\t\t\t\t\t\t\t<div class=\"elementor-icon-box-wrapper\">\n\n\t\t\t\t\t\t<div class=\"elementor-icon-box-icon\">\n\t\t\t\t<a href=\"\/es\/personal-shopper\/\" class=\"elementor-icon\" tabindex=\"-1\" aria-label=\"Comprador Personal\">\n\t\t\t\t<svg xmlns=\"http:\/\/www.w3.org\/2000\/svg\" width=\"41.029\" height=\"47.943\" viewbox=\"0 0 41.029 47.943\"><g id=\"Grupo_9954\" data-name=\"Grupo 9954\" transform=\"translate(-5 -0.4)\"><path id=\"Trazado_6333\" data-name=\"Trazado 6333\" d=\"M45.269,56.408H5.76a.761.761,0,0,1-.76-.76V44.023a7.893,7.893,0,0,1,4.711-7.218A43.537,43.537,0,0,1,18.3,33.994a.764.764,0,0,1,.836.38L25.514,47.9,31.9,34.45a.72.72,0,0,1,.836-.38,43.537,43.537,0,0,1,8.586,2.811A7.893,7.893,0,0,1,46.029,44.1V55.724A.75.75,0,0,1,45.269,56.408ZM6.444,54.964H44.509V44.023A6.57,6.57,0,0,0,40.634,38.1a39.683,39.683,0,0,0-7.674-2.583L26.122,49.8a.805.805,0,0,1-1.368,0L17.916,35.513A38.033,38.033,0,0,0,10.243,38.1a6.488,6.488,0,0,0-3.875,5.926V54.964Z\" transform=\"translate(0 -8.065)\" fill=\"#15126b\"><\/path><path id=\"Trazado_6334\" data-name=\"Trazado 6334\" d=\"M32.653,38.335H29.234a.73.73,0,0,1-.684-.532l-.76-3.191A.591.591,0,0,1,27.943,34a.938.938,0,0,1,.608-.3h4.939a.691.691,0,0,1,.608.3.819.819,0,0,1,.152.608l-.76,3.191A.934.934,0,0,1,32.653,38.335Zm-2.811-1.444h2.279l.456-1.748H29.462Z\" transform=\"translate(-5.467 -7.999)\" fill=\"#15126b\"><\/path><path id=\"Trazado_6335\" data-name=\"Trazado 6335\" d=\"M30.4,45.8a.808.808,0,0,1-.76-.684l-.836-6.382a.731.731,0,0,1,1.444-.228l.912,6.382v.076A.781.781,0,0,1,30.4,45.8Zm-5.167,0a.761.761,0,0,1-.76-.76h0v-.076l.912-6.382a.731.731,0,0,1,1.444.228l-.912,6.382A.67.67,0,0,1,25.237,45.8ZM40.281,57.347a.761.761,0,0,1-.76-.76V47.85a.76.76,0,1,1,1.52,0v8.814A.75.75,0,0,1,40.281,57.347Zm-24.921,0a.761.761,0,0,1-.76-.76V47.85a.76.76,0,0,1,1.52,0v8.814A.808.808,0,0,1,15.36,57.347Z\" transform=\"translate(-2.306 -9.004)\" fill=\"#15126b\"><\/path><g id=\"Grupo_9953\" data-name=\"Grupo 9953\" transform=\"translate(15.637 0.4)\"><path id=\"Trazado_6336\" data-name=\"Trazado 6336\" d=\"M28.877,24.333C23.863,24.333,19,17.571,19,10.581,19,4.427,22.875.4,28.877.4s9.877,3.951,9.877,10.181C38.755,17.571,33.892,24.333,28.877,24.333Zm0-22.414c-4.1,0-8.434,2.279-8.434,8.662,0,6.078,4.255,12.309,8.434,12.309s8.434-6.23,8.434-12.309C37.311,4.2,32.98,1.92,28.877,1.92Z\" transform=\"translate(-19 -0.4)\" fill=\"#15126b\"><\/path><path id=\"Trazado_6337\" data-name=\"Trazado 6337\" d=\"M31.709,11.831a7.088,7.088,0,0,1-3.419-.76,7.342,7.342,0,0,1-2.127-1.6A7.338,7.338,0,0,1,19.7,11.6a.712.712,0,0,1-.608-.836.753.753,0,0,1,.836-.608c2.887.38,5.015-1.064,5.622-2.279a.8.8,0,0,1,.684-.38.73.73,0,0,1,.684.456c.076.228,2.431,4.787,10.561.988a.748.748,0,0,1,.608,1.368A16.838,16.838,0,0,1,31.709,11.831Z\" transform=\"translate(-19.02 -2.105)\" fill=\"#15126b\"><\/path><\/g><\/g><\/svg>\t\t\t\t<\/a>\n\t\t\t<\/div>\n\t\t\t\n\t\t\t\t\t\t<div class=\"elementor-icon-box-content\">\n\n\t\t\t\t\t\t\t\t\t<h3 class=\"elementor-icon-box-title\">\n\t\t\t\t\t\t<a href=\"\/es\/personal-shopper\/\" >\n\t\t\t\t\t\t\tComprador Personal\t\t\t\t\t\t<\/a>\n\t\t\t\t\t<\/h3>\n\t\t\t\t\n\t\t\t\t\t\t\t\t\t<p class=\"elementor-icon-box-description\">\n\t\t\t\t\t\tTrabajamos como su agente comprador represent\u00e1ndole de principio a fin y trabajando exclusivamente en su mejor inter\u00e9s.\t\t\t\t\t<\/p>\n\t\t\t\t\n\t\t\t<\/div>\n\t\t\t\n\t\t<\/div>\n\t\t\t\t\t\t<\/div>\n\t\t\t\t<\/div>\n\t\t\t\t\t<\/div>\n\t\t<\/div>\n\t\t\t\t\t<\/div>\n\t\t<\/section>\n\t\t\t\t\t<\/div>\n\t\t<\/div>\n\t\t\t\t\t<\/div>\n\t\t<\/section>\n\t\t\t\t<\/div>","protected":false},"excerpt":{"rendered":"<p>Thanks for your interest in our guide, click on the button and download it now! Download The Guide7 MB Experience our tailor made services Sales Sell or buy a property with us. Livinmalaga can get you the best deal possible. Rentals Short and long term rental listings in Costa del Sol. Relocation Tell us your [&hellip;]<\/p>\n","protected":false},"author":1,"featured_media":2760,"parent":0,"menu_order":0,"comment_status":"closed","ping_status":"closed","template":"","meta":{"footnotes":""},"class_list":["post-3802","page","type-page","status-publish","has-post-thumbnail","hentry"],"_links":{"self":[{"href":"https:\/\/esenarliving.com\/es\/wp-json\/wp\/v2\/pages\/3802","targetHints":{"allow":["GET"]}}],"collection":[{"href":"https:\/\/esenarliving.com\/es\/wp-json\/wp\/v2\/pages"}],"about":[{"href":"https:\/\/esenarliving.com\/es\/wp-json\/wp\/v2\/types\/page"}],"author":[{"embeddable":true,"href":"https:\/\/esenarliving.com\/es\/wp-json\/wp\/v2\/users\/1"}],"replies":[{"embeddable":true,"href":"https:\/\/esenarliving.com\/es\/wp-json\/wp\/v2\/comments?post=3802"}],"version-history":[{"count":25,"href":"https:\/\/esenarliving.com\/es\/wp-json\/wp\/v2\/pages\/3802\/revisions"}],"predecessor-version":[{"id":5159,"href":"https:\/\/esenarliving.com\/es\/wp-json\/wp\/v2\/pages\/3802\/revisions\/5159"}],"wp:featuredmedia":[{"embeddable":true,"href":"https:\/\/esenarliving.com\/es\/wp-json\/wp\/v2\/media\/2760"}],"wp:attachment":[{"href":"https:\/\/esenarliving.com\/es\/wp-json\/wp\/v2\/media?parent=3802"}],"curies":[{"name":"wp","href":"https:\/\/api.w.org\/{rel}","templated":true}]}}