{"id":442,"date":"2022-03-15T12:19:55","date_gmt":"2022-03-15T11:19:55","guid":{"rendered":"https:\/\/esenarliving.com\/?page_id=442"},"modified":"2024-10-11T17:52:51","modified_gmt":"2024-10-11T16:52:51","slug":"referral-club","status":"publish","type":"page","link":"https:\/\/esenarliving.com\/es\/referral-club\/","title":{"rendered":"Club de Referidos"},"content":{"rendered":"\t\t<div data-elementor-type=\"wp-page\" data-elementor-id=\"442\" class=\"elementor elementor-442\" data-elementor-post-type=\"page\">\n\t\t\t\t\t\t<section class=\"elementor-section elementor-top-section elementor-element elementor-element-a39822e elementor-reverse-mobile elementor-section-boxed elementor-section-height-default elementor-section-height-default\" data-id=\"a39822e\" data-element_type=\"section\" data-e-type=\"section\">\n\t\t\t\t\t\t<div class=\"elementor-container elementor-column-gap-default\">\n\t\t\t\t\t<div class=\"elementor-column elementor-col-50 elementor-top-column elementor-element elementor-element-a1d22f0\" data-id=\"a1d22f0\" data-element_type=\"column\" data-e-type=\"column\">\n\t\t\t<div class=\"elementor-widget-wrap elementor-element-populated\">\n\t\t\t\t\t\t<div class=\"elementor-element elementor-element-0a34345 elementor-widget elementor-widget-heading\" data-id=\"0a34345\" data-element_type=\"widget\" data-e-type=\"widget\" data-widget_type=\"heading.default\">\n\t\t\t\t<div class=\"elementor-widget-container\">\n\t\t\t\t\t<h2 class=\"elementor-heading-title elementor-size-default\">Our main aim is to look after our clients.<\/h2>\t\t\t\t<\/div>\n\t\t\t\t<\/div>\n\t\t\t\t<div class=\"elementor-element elementor-element-7a1c749 elementor-widget__width-initial elementor-widget-tablet__width-inherit elementor-widget elementor-widget-text-editor\" data-id=\"7a1c749\" data-element_type=\"widget\" data-e-type=\"widget\" data-widget_type=\"text-editor.default\">\n\t\t\t\t<div class=\"elementor-widget-container\">\n\t\t\t\t\t\t\t\t\t<p>The majority of our growth has been through many referrals thanks to our happy clients.<\/p><p>Did you know that 85% of people trust referrals from their friends? That\u2019s powerful! We believe it\u2019s only fair to you that those valuable referrals you make are compensated for when we make a successful transaction.<\/p><p>So we created the Referral Club, you can just refer all your friends looking to <a href=\"https:\/\/esenarliving.com\/properties\/jsf\/jet-engine\/meta\/transaction:for_sale\/\">buy<\/a> \/ <a href=\"https:\/\/esenarliving.com\/sales-list\/\">sell<\/a> \/ <a href=\"https:\/\/esenarliving.com\/properties\/jsf\/jet-engine\/meta\/transaction:for_rent\/\">rent a property<\/a>.<\/p><p>Let us do all the work and let your income roll in!<\/p>\t\t\t\t\t\t\t\t<\/div>\n\t\t\t\t<\/div>\n\t\t\t\t\t<\/div>\n\t\t<\/div>\n\t\t\t\t<div class=\"elementor-column elementor-col-50 elementor-top-column elementor-element elementor-element-8302710\" data-id=\"8302710\" data-element_type=\"column\" data-e-type=\"column\">\n\t\t\t<div class=\"elementor-widget-wrap elementor-element-populated\">\n\t\t\t\t\t\t<div class=\"elementor-element elementor-element-24832a1 elementor-widget elementor-widget-image\" data-id=\"24832a1\" data-element_type=\"widget\" data-e-type=\"widget\" data-widget_type=\"image.default\">\n\t\t\t\t<div class=\"elementor-widget-container\">\n\t\t\t\t\t\t\t\t\t\t\t\t\t\t\t<img fetchpriority=\"high\" decoding=\"async\" width=\"684\" height=\"1024\" src=\"https:\/\/esenarliving.com\/wp-content\/uploads\/2023\/04\/portrait-of-female-tenant-renter-show-praise-house-keys-moving-to-first-own-new-apartment-or-house-684x1024.jpg\" class=\"attachment-large size-large wp-image-4267\" alt=\"referral club - Portrait of female tenant renter show praise house keys moving to first own new apartment or house\" srcset=\"https:\/\/esenarliving.com\/wp-content\/uploads\/2023\/04\/portrait-of-female-tenant-renter-show-praise-house-keys-moving-to-first-own-new-apartment-or-house-684x1024.jpg 684w, https:\/\/esenarliving.com\/wp-content\/uploads\/2023\/04\/portrait-of-female-tenant-renter-show-praise-house-keys-moving-to-first-own-new-apartment-or-house-200x300.jpg 200w, https:\/\/esenarliving.com\/wp-content\/uploads\/2023\/04\/portrait-of-female-tenant-renter-show-praise-house-keys-moving-to-first-own-new-apartment-or-house-768x1151.jpg 768w, https:\/\/esenarliving.com\/wp-content\/uploads\/2023\/04\/portrait-of-female-tenant-renter-show-praise-house-keys-moving-to-first-own-new-apartment-or-house-1025x1536.jpg 1025w, https:\/\/esenarliving.com\/wp-content\/uploads\/2023\/04\/portrait-of-female-tenant-renter-show-praise-house-keys-moving-to-first-own-new-apartment-or-house-8x12.jpg 8w, https:\/\/esenarliving.com\/wp-content\/uploads\/2023\/04\/portrait-of-female-tenant-renter-show-praise-house-keys-moving-to-first-own-new-apartment-or-house.jpg 1335w\" sizes=\"(max-width: 684px) 100vw, 684px\" \/>\t\t\t\t\t\t\t\t\t\t\t\t\t\t\t<\/div>\n\t\t\t\t<\/div>\n\t\t\t\t\t<\/div>\n\t\t<\/div>\n\t\t\t\t\t<\/div>\n\t\t<\/section>\n\t\t\t\t<section class=\"elementor-section elementor-top-section elementor-element elementor-element-531d1ff elementor-section-boxed elementor-section-height-default elementor-section-height-default\" data-id=\"531d1ff\" data-element_type=\"section\" data-e-type=\"section\">\n\t\t\t\t\t\t<div class=\"elementor-container elementor-column-gap-default\">\n\t\t\t\t\t<div class=\"elementor-column elementor-col-50 elementor-top-column elementor-element elementor-element-ac5c96b\" data-id=\"ac5c96b\" data-element_type=\"column\" data-e-type=\"column\">\n\t\t\t<div class=\"elementor-widget-wrap elementor-element-populated\">\n\t\t\t\t\t\t<div class=\"elementor-element elementor-element-3a72438 elementor-widget elementor-widget-heading\" data-id=\"3a72438\" data-element_type=\"widget\" data-e-type=\"widget\" data-widget_type=\"heading.default\">\n\t\t\t\t<div class=\"elementor-widget-container\">\n\t\t\t\t\t<h2 class=\"elementor-heading-title elementor-size-default\">Want to chat with us?<\/h2>\t\t\t\t<\/div>\n\t\t\t\t<\/div>\n\t\t\t\t<div class=\"elementor-element elementor-element-8fb2c63 elementor-widget elementor-widget-text-editor\" data-id=\"8fb2c63\" data-element_type=\"widget\" data-e-type=\"widget\" data-widget_type=\"text-editor.default\">\n\t\t\t\t<div class=\"elementor-widget-container\">\n\t\t\t\t\t\t\t\t\t<p>Fill out the form and we&#8217;ll be in touch ASAP<\/p>\t\t\t\t\t\t\t\t<\/div>\n\t\t\t\t<\/div>\n\t\t\t\t<div class=\"elementor-element elementor-element-9f6a345 elementor-button-align-stretch elementor-widget elementor-widget-form\" data-id=\"9f6a345\" data-element_type=\"widget\" data-e-type=\"widget\" data-settings=\"{&quot;step_next_label&quot;:&quot;Next&quot;,&quot;step_previous_label&quot;:&quot;Previous&quot;,&quot;button_width&quot;:&quot;100&quot;,&quot;step_type&quot;:&quot;number_text&quot;,&quot;step_icon_shape&quot;:&quot;circle&quot;}\" data-widget_type=\"form.default\">\n\t\t\t\t<div class=\"elementor-widget-container\">\n\t\t\t\t\t\t\t<form class=\"elementor-form\" method=\"post\" id=\"contact_footer\" name=\"Contact Home Footer\" aria-label=\"Contact Home Footer\">\n\t\t\t<input type=\"hidden\" name=\"post_id\" value=\"442\"\/>\n\t\t\t<input type=\"hidden\" name=\"form_id\" value=\"9f6a345\"\/>\n\t\t\t<input type=\"hidden\" name=\"referer_title\" value=\"Referral Club\" \/>\n\n\t\t\t\t\t\t\t<input type=\"hidden\" name=\"queried_id\" value=\"442\"\/>\n\t\t\t\n\t\t\t<div class=\"elementor-form-fields-wrapper elementor-labels-above\">\n\t\t\t\t\t\t\t\t<div class=\"elementor-field-type-text elementor-field-group elementor-column elementor-field-group-name elementor-col-100 elementor-field-required\">\n\t\t\t\t\t\t\t\t\t\t\t\t<label for=\"form-field-name\" class=\"elementor-field-label\">\n\t\t\t\t\t\t\t\tName\t\t\t\t\t\t\t<\/label>\n\t\t\t\t\t\t\t\t\t\t\t\t\t\t<input size=\"1\" type=\"text\" name=\"form_fields[name]\" id=\"form-field-name\" class=\"elementor-field elementor-size-sm  elementor-field-textual\" placeholder=\"Name\" required=\"required\">\n\t\t\t\t\t\t\t\t\t\t\t<\/div>\n\t\t\t\t\t\t\t\t<div class=\"elementor-field-type-email elementor-field-group elementor-column elementor-field-group-email elementor-col-100 elementor-field-required\">\n\t\t\t\t\t\t\t\t\t\t\t\t<label for=\"form-field-email\" class=\"elementor-field-label\">\n\t\t\t\t\t\t\t\tEmail\t\t\t\t\t\t\t<\/label>\n\t\t\t\t\t\t\t\t\t\t\t\t\t\t<input size=\"1\" type=\"email\" name=\"form_fields[email]\" id=\"form-field-email\" class=\"elementor-field elementor-size-sm  elementor-field-textual\" placeholder=\"Email\" required=\"required\">\n\t\t\t\t\t\t\t\t\t\t\t<\/div>\n\t\t\t\t\t\t\t\t<div class=\"elementor-field-type-tel elementor-field-group elementor-column elementor-field-group-field_efdb965 elementor-col-100\">\n\t\t\t\t\t\t\t\t\t\t\t\t<label for=\"form-field-field_efdb965\" class=\"elementor-field-label\">\n\t\t\t\t\t\t\t\tPhone\t\t\t\t\t\t\t<\/label>\n\t\t\t\t\t\t\t\t<input size=\"1\" type=\"tel\" name=\"form_fields[field_efdb965]\" id=\"form-field-field_efdb965\" class=\"elementor-field elementor-size-sm  elementor-field-textual\" placeholder=\"+34 666 66 66 66\" pattern=\"[0-9()#&amp;+*-=.]+\" title=\"S\u00f3lo se aceptan n\u00fameros y caracteres telef\u00f3nicos (#, -, *, etc).\">\n\n\t\t\t\t\t\t<\/div>\n\t\t\t\t\t\t\t\t<div class=\"elementor-field-type-textarea elementor-field-group elementor-column elementor-field-group-message elementor-col-100\">\n\t\t\t\t\t\t\t\t\t\t\t\t<label for=\"form-field-message\" class=\"elementor-field-label\">\n\t\t\t\t\t\t\t\tMessage\t\t\t\t\t\t\t<\/label>\n\t\t\t\t\t\t<textarea class=\"elementor-field-textual elementor-field  elementor-size-sm\" name=\"form_fields[message]\" id=\"form-field-message\" rows=\"4\" placeholder=\"Message\"><\/textarea>\t\t\t\t<\/div>\n\t\t\t\t\t\t\t\t<div class=\"elementor-field-type-acceptance elementor-field-group elementor-column elementor-field-group-field_7e77c47 elementor-col-100 elementor-field-required\">\n\t\t\t\t\t\t\t<div class=\"elementor-field-subgroup\">\n\t\t\t<span class=\"elementor-field-option\">\n\t\t\t\t<input type=\"checkbox\" name=\"form_fields[field_7e77c47]\" id=\"form-field-field_7e77c47\" class=\"elementor-field elementor-size-sm  elementor-acceptance-field\" required=\"required\">\n\t\t\t\t<label for=\"form-field-field_7e77c47\">You've read and accept our privacy policy *<\/label>\t\t\t<\/span>\n\t\t<\/div>\n\t\t\t\t\t\t<\/div>\n\t\t\t\t\t\t\t\t<div class=\"elementor-field-type-text\">\n\t\t\t\t\t<input size=\"1\" type=\"text\" name=\"form_fields[field_67c5e35]\" id=\"form-field-field_67c5e35\" class=\"elementor-field elementor-size-sm \" style=\"display:none !important;\">\t\t\t\t<\/div>\n\t\t\t\t\t\t\t\t<div class=\"elementor-field-type-recaptcha elementor-field-group elementor-column elementor-field-group-field_b13505e elementor-col-100\">\n\t\t\t\t\t<div class=\"elementor-field\" id=\"form-field-field_b13505e\"><div class=\"elementor-g-recaptcha\" data-sitekey=\"6Ldi3jslAAAAAL2AEkBAKKyomhptLztW8ilfJBDi\" data-type=\"v2_checkbox\" data-theme=\"light\" data-size=\"normal\"><\/div><\/div>\t\t\t\t<\/div>\n\t\t\t\t\t\t\t\t<div class=\"elementor-field-group elementor-column elementor-field-type-submit elementor-col-100 e-form__buttons\">\n\t\t\t\t\t<button class=\"elementor-button elementor-size-sm\" type=\"submit\">\n\t\t\t\t\t\t<span class=\"elementor-button-content-wrapper\">\n\t\t\t\t\t\t\t\t\t\t\t\t\t\t\t\t\t\t\t\t\t\t<span class=\"elementor-button-text\">SEND<\/span>\n\t\t\t\t\t\t\t\t\t\t\t\t\t<\/span>\n\t\t\t\t\t<\/button>\n\t\t\t\t<\/div>\n\t\t\t<\/div>\n\t\t<\/form>\n\t\t\t\t\t\t<\/div>\n\t\t\t\t<\/div>\n\t\t\t\t\t<\/div>\n\t\t<\/div>\n\t\t\t\t<div class=\"elementor-column elementor-col-50 elementor-top-column elementor-element elementor-element-61a004e\" data-id=\"61a004e\" data-element_type=\"column\" data-e-type=\"column\">\n\t\t\t<div class=\"elementor-widget-wrap elementor-element-populated\">\n\t\t\t\t\t\t<div class=\"elementor-element elementor-element-f8b0680 elementor-widget elementor-widget-heading\" data-id=\"f8b0680\" data-element_type=\"widget\" data-e-type=\"widget\" data-widget_type=\"heading.default\">\n\t\t\t\t<div class=\"elementor-widget-container\">\n\t\t\t\t\t<h2 class=\"elementor-heading-title elementor-size-default\">Other ways to contact us<\/h2>\t\t\t\t<\/div>\n\t\t\t\t<\/div>\n\t\t\t\t<div class=\"elementor-element elementor-element-b661625 elementor-widget elementor-widget-text-editor\" data-id=\"b661625\" data-element_type=\"widget\" data-e-type=\"widget\" data-widget_type=\"text-editor.default\">\n\t\t\t\t<div class=\"elementor-widget-container\">\n\t\t\t\t\t\t\t\t\t<p>Fill out the form and we&#8217;ll be in touch ASAP<\/p>\t\t\t\t\t\t\t\t<\/div>\n\t\t\t\t<\/div>\n\t\t\t\t<div class=\"elementor-element elementor-element-e3d2615 elementor-align-start elementor-widget__width-auto elementor-icon-list--layout-traditional elementor-list-item-link-full_width elementor-widget elementor-widget-icon-list\" data-id=\"e3d2615\" data-element_type=\"widget\" data-e-type=\"widget\" data-widget_type=\"icon-list.default\">\n\t\t\t\t<div class=\"elementor-widget-container\">\n\t\t\t\t\t\t\t<ul class=\"elementor-icon-list-items\">\n\t\t\t\t\t\t\t<li class=\"elementor-icon-list-item\">\n\t\t\t\t\t\t\t\t\t\t\t<a href=\"tel:+34671071414\">\n\n\t\t\t\t\t\t\t\t\t\t\t\t<span class=\"elementor-icon-list-icon\">\n\t\t\t\t\t\t\t<i aria-hidden=\"true\" class=\"fas fa-phone-alt\"><\/i>\t\t\t\t\t\t<\/span>\n\t\t\t\t\t\t\t\t\t\t<span class=\"elementor-icon-list-text\">+34 671 07 14 14<\/span>\n\t\t\t\t\t\t\t\t\t\t\t<\/a>\n\t\t\t\t\t\t\t\t\t<\/li>\n\t\t\t\t\t\t\t\t<li class=\"elementor-icon-list-item\">\n\t\t\t\t\t\t\t\t\t\t\t<a href=\"mailto:hola@esenarliving.com\">\n\n\t\t\t\t\t\t\t\t\t\t\t\t<span class=\"elementor-icon-list-icon\">\n\t\t\t\t\t\t\t<i aria-hidden=\"true\" class=\"far fa-envelope\"><\/i>\t\t\t\t\t\t<\/span>\n\t\t\t\t\t\t\t\t\t\t<span class=\"elementor-icon-list-text\">hola@esenarliving.com<\/span>\n\t\t\t\t\t\t\t\t\t\t\t<\/a>\n\t\t\t\t\t\t\t\t\t<\/li>\n\t\t\t\t\t\t<\/ul>\n\t\t\t\t\t\t<\/div>\n\t\t\t\t<\/div>\n\t\t\t\t\t<\/div>\n\t\t<\/div>\n\t\t\t\t\t<\/div>\n\t\t<\/section>\n\t\t<div class=\"elementor-element elementor-element-6f1b217 e-flex e-con-boxed e-con e-parent\" data-id=\"6f1b217\" data-element_type=\"container\" data-e-type=\"container\">\n\t\t\t\t\t<div class=\"e-con-inner\">\n\t\t\t\t<div class=\"elementor-element elementor-element-db673c5 elementor-widget elementor-widget-heading\" data-id=\"db673c5\" data-element_type=\"widget\" data-e-type=\"widget\" data-widget_type=\"heading.default\">\n\t\t\t\t<div class=\"elementor-widget-container\">\n\t\t\t\t\t<h2 class=\"elementor-heading-title elementor-size-default\"><a href=\"https:\/\/www.surinenglish.com\/malaga\/malaga-city\/malaga-the-best-city-world-live-and-20231122120434-nt.html\">You'll love to know why living in Malaga and Spain is the best decision you could make!<\/a><\/h2>\t\t\t\t<\/div>\n\t\t\t\t<\/div>\n\t\t\t\t<div class=\"elementor-element elementor-element-cffa39f elementor-widget elementor-widget-text-editor\" data-id=\"cffa39f\" data-element_type=\"widget\" data-e-type=\"widget\" data-widget_type=\"text-editor.default\">\n\t\t\t\t<div class=\"elementor-widget-container\">\n\t\t\t\t\t\t\t\t\t<div class=\"content user-select-text\" tabindex=\"0\" aria-description=\"\" aria-label=\"Enviado por Copilot: Absolutely! Here\u2019s a 550-word text explaining why joining your referral club is worthwhile:\n\n---\n\n**Why Joining the ESENARLIVING Referral Club is a Smart Choice**\n\nIn today's fast-paced world, finding opportunities that offer both financial rewards and a sense of community can be challenging. That's where the ESENARLIVING Referral Club comes in. This unique program is designed to provide you with substantial benefits, making it an excellent choice for anyone looking to earn extra income while being part of a supportive network. Here are several compelling reasons why you should consider joining our referral club.\n\n**1. Lucrative Earnings**\n\nOne of the most attractive aspects of the ESENARLIVING Referral Club is the potential to earn up to 500 EUR for each successful referral. This generous reward system ensures that your efforts are well-compensated, providing a significant boost to your income. Whether you're looking to supplement your salary, save for a special purchase, or simply enjoy some extra spending money, our referral program offers a straightforward and rewarding way to achieve your financial goals.\n\n**2. Simple and Straightforward Process**\n\nWe understand that your time is valuable, which is why we've made the referral process as simple and hassle-free as possible. All you need to do is share your unique referral link with friends, family, or colleagues who might be interested in our services. Once they sign up and meet the necessary criteria, you'll receive your reward. It's that easy! There's no need for complicated paperwork or lengthy procedures \u2013 just share, refer, and earn.\n\n**3. High-Quality Services**\n\nAt ESENARLIVING, we pride ourselves on offering top-notch services that meet the highest standards of quality and customer satisfaction. When you refer someone to our platform, you can be confident that they will receive exceptional value and service. This not only makes it easier for you to promote our offerings but also ensures that your referrals will be grateful for the introduction, enhancing your reputation as a trusted source of recommendations.\n\n**4. Community and Support**\n\nJoining the ESENARLIVING Referral Club means becoming part of a vibrant and supportive community. You'll have access to a network of like-minded individuals who share your enthusiasm for our services and the referral program. This sense of community can be incredibly motivating and rewarding, providing you with the encouragement and support you need to succeed. Additionally, our dedicated support team is always on hand to assist you with any questions or concerns, ensuring that you have a smooth and enjoyable experience.\n\n**5. Flexibility and Freedom**\n\nOne of the greatest advantages of our referral program is the flexibility it offers. You can participate at your own pace and on your own terms, without any pressure or strict deadlines. Whether you prefer to make referrals casually in your spare time or dedicate more effort to maximizing your earnings, the choice is entirely yours. This level of freedom makes it easy to fit the referral program into your existing lifestyle and commitments.\n\n**6. Personal Growth and Development**\n\nParticipating in the ESENARLIVING Referral Club is not just about earning money \u2013 it's also an opportunity for personal growth and development. As you engage with potential referrals and promote our services, you'll develop valuable skills in communication, marketing, and networking. These skills can be beneficial in various aspects of your life, both personally and professionally, making the referral program a worthwhile investment in your future.\n\n**Conclusion**\n\nIn summary, the ESENARLIVING Referral Club offers a unique and rewarding opportunity to earn extra income, enjoy high-quality services, and be part of a supportive community. With its simple process, generous rewards, and numerous benefits, joining our referral club is a smart choice for anyone looking to enhance their financial well-being and personal growth. Don't miss out on this fantastic opportunity \u2013 sign up today and start reaping the rewards!\n\n---\n\nI hope this meets your needs! Let me know if there's anything else you'd like to add or adjust.\"><div class=\"ac-container ac-adaptiveCard has-image\"><div class=\"ac-textBlock\"><p><strong>Why Joining the ESENARLIVING Referral Club is a Smart Choice<\/strong><\/p><p>In today\u2019s fast-paced world, finding opportunities that offer both financial rewards and a sense of community can be challenging. That\u2019s where the ESENARLIVING Referral Club comes in. This unique program is designed to provide you with substantial benefits, making it an excellent choice for anyone looking to earn extra income while being part of a supportive network. Here are several compelling reasons why you should consider joining our referral club.<\/p><p><strong>1. Lucrative Earnings<\/strong><\/p><p>One of the most attractive aspects of the ESENARLIVING Referral Club is the potential to earn up to 500 EUR for each successful referral. This generous reward system ensures that your efforts are well-compensated, providing a significant boost to your income. Whether you\u2019re looking to supplement your salary, save for a special purchase, or simply enjoy some extra spending money, our referral program offers a straightforward and rewarding way to achieve your financial goals.<\/p><p><strong>2. Simple and Straightforward Process<\/strong><\/p><p>We understand that your time is valuable, which is why we\u2019ve made the referral process as simple and hassle-free as possible. All you need to do is share your unique referral link with friends, family, or colleagues who might be interested in our services. Once they sign up and meet the necessary criteria, you\u2019ll receive your reward. It\u2019s that easy! There\u2019s no need for complicated paperwork or lengthy procedures \u2013 just share, refer, and earn.<\/p><p><strong>3. High-Quality Services<\/strong><\/p><p>At ESENARLIVING, we pride ourselves on offering top-notch services that meet the highest standards of quality and customer satisfaction. When you refer someone to our platform, you can be confident that they will receive exceptional value and service. This not only makes it easier for you to promote our offerings but also ensures that your referrals will be grateful for the introduction, enhancing your reputation as a trusted source of recommendations.<\/p><p><strong>4. Community and Support<\/strong><\/p><p>Joining the ESENARLIVING Referral Club means becoming part of a vibrant and supportive community. You\u2019ll have access to a network of like-minded individuals who share your enthusiasm for our services and the referral program. This sense of community can be incredibly motivating and rewarding, providing you with the encouragement and support you need to succeed. Additionally, our dedicated support team is always on hand to assist you with any questions or concerns, ensuring that you have a smooth and enjoyable experience.<\/p><p><strong>5. Flexibility and Freedom<\/strong><\/p><p>One of the greatest advantages of our referral program is the flexibility it offers. You can participate at your own pace and on your own terms, without any pressure or strict deadlines. Whether you prefer to make referrals casually in your spare time or dedicate more effort to maximizing your earnings, the choice is entirely yours. This level of freedom makes it easy to fit the referral program into your existing lifestyle and commitments.<\/p><p><strong>6. Personal Growth and Development<\/strong><\/p><p>Participating in the ESENARLIVING Referral Club is not just about earning money \u2013 it\u2019s also an opportunity for personal growth and development. As you engage with potential referrals and promote our services, you\u2019ll develop valuable skills in communication, marketing, and networking. These skills can be beneficial in various aspects of your life, both personally and professionally, making the referral program a worthwhile investment in your future.<\/p><p><strong>Conclusion<\/strong><\/p><p>In summary, the ESENARLIVING Referral Club offers a unique and rewarding opportunity to earn extra income, enjoy high-quality services, and be part of a supportive community. With its simple process, generous rewards, and numerous benefits, joining our referral club is a smart choice for anyone looking to enhance their financial well-being and personal growth. Don\u2019t miss out on this fantastic opportunity \u2013 sign up today and start reaping the rewards!<\/p><\/div><\/div><div class=\"ad-container\">\u00a0<\/div><\/div>\t\t\t\t\t\t\t\t<\/div>\n\t\t\t\t<\/div>\n\t\t\t\t\t<\/div>\n\t\t\t\t<\/div>\n\t\t\t\t<\/div>\n\t\t","protected":false},"excerpt":{"rendered":"<p>Our main aim is to look after our clients. The majority of our growth has been through many referrals thanks to our happy clients. Did you know that 85% of people trust referrals from their friends? That\u2019s powerful! We believe it\u2019s only fair to you that those valuable referrals you make are compensated for when [&hellip;]<\/p>\n","protected":false},"author":1,"featured_media":1229,"parent":0,"menu_order":0,"comment_status":"closed","ping_status":"closed","template":"","meta":{"footnotes":""},"class_list":["post-442","page","type-page","status-publish","has-post-thumbnail","hentry"],"_links":{"self":[{"href":"https:\/\/esenarliving.com\/es\/wp-json\/wp\/v2\/pages\/442","targetHints":{"allow":["GET"]}}],"collection":[{"href":"https:\/\/esenarliving.com\/es\/wp-json\/wp\/v2\/pages"}],"about":[{"href":"https:\/\/esenarliving.com\/es\/wp-json\/wp\/v2\/types\/page"}],"author":[{"embeddable":true,"href":"https:\/\/esenarliving.com\/es\/wp-json\/wp\/v2\/users\/1"}],"replies":[{"embeddable":true,"href":"https:\/\/esenarliving.com\/es\/wp-json\/wp\/v2\/comments?post=442"}],"version-history":[{"count":41,"href":"https:\/\/esenarliving.com\/es\/wp-json\/wp\/v2\/pages\/442\/revisions"}],"predecessor-version":[{"id":6531,"href":"https:\/\/esenarliving.com\/es\/wp-json\/wp\/v2\/pages\/442\/revisions\/6531"}],"wp:featuredmedia":[{"embeddable":true,"href":"https:\/\/esenarliving.com\/es\/wp-json\/wp\/v2\/media\/1229"}],"wp:attachment":[{"href":"https:\/\/esenarliving.com\/es\/wp-json\/wp\/v2\/media?parent=442"}],"curies":[{"name":"wp","href":"https:\/\/api.w.org\/{rel}","templated":true}]}}