{"id":4838,"date":"2024-04-11T10:06:48","date_gmt":"2024-04-11T09:06:48","guid":{"rendered":"https:\/\/esenarliving.com\/?page_id=4838"},"modified":"2025-05-26T12:53:55","modified_gmt":"2025-05-26T11:53:55","slug":"data-protection","status":"publish","type":"page","link":"https:\/\/esenarliving.com\/es\/data-protection\/","title":{"rendered":"Data Protection"},"content":{"rendered":"\t\t<div data-elementor-type=\"wp-page\" data-elementor-id=\"4838\" class=\"elementor elementor-4838\" data-elementor-post-type=\"page\">\n\t\t\t\t<div class=\"elementor-element elementor-element-6f1611a e-flex e-con-boxed e-con e-parent\" data-id=\"6f1611a\" data-element_type=\"container\" data-e-type=\"container\">\n\t\t\t\t\t<div class=\"e-con-inner\">\n\t\t\t\t<div class=\"elementor-element elementor-element-2adc402 elementor-widget elementor-widget-heading\" data-id=\"2adc402\" data-element_type=\"widget\" data-e-type=\"widget\" data-widget_type=\"heading.default\">\n\t\t\t\t<div class=\"elementor-widget-container\">\n\t\t\t\t\t<h2 class=\"elementor-heading-title elementor-size-default\">BASIC DATA PROTECTION INFORMATION<\/h2>\t\t\t\t<\/div>\n\t\t\t\t<\/div>\n\t\t\t\t<div class=\"elementor-element elementor-element-9167ddb elementor-widget elementor-widget-text-editor\" data-id=\"9167ddb\" data-element_type=\"widget\" data-e-type=\"widget\" data-widget_type=\"text-editor.default\">\n\t\t\t\t<div class=\"elementor-widget-container\">\n\t\t\t\t\t\t\t\t\t<p>Responsible: The controller of your data is ESENAR LIVING, S.L. &#8211; B13711031 with address at CALLE CARNICERO, 20 1 B. 29620, TORREMOLINOS, MALAGA. <br \/>Purpose: The provided data, including special categories of data such as health information, will be used to provide contracted brokerage services, manage insurance policies, invoice for services, and send commercial communications to retain you as a customer by checking the box below the form.<\/p><p>\u00a0 <br \/><b>Legitimacy<\/b>: Contractual relationship and consent of the interested party.<\/p><p><b>Recipients<\/b>: Your data may be disclosed to entities responsible for conducting various searches or tariffs through insurance and reinsurance company platforms, insurance and reinsurance companies, banks for insurance management, and other agencies required by law.<span style=\"color: var( --e-global-color-text ); font-family: var( --e-global-typography-text-font-family ), Sans-serif; font-weight: var( --e-global-typography-text-font-weight ); text-align: var(--text-align); font-size: 1rem;\">\u00a0<\/span><\/p><p><b>Rights<\/b>: You can exercise your rights of access, rectification, deletion, opposition, portability, limitation, not to be subject to automated decisions or to withdraw the consent given. You may withdraw your consent for the sending of commercial communications at any time. <br \/><br \/><b>Additional information<\/b>: You can consult additional and detailed information on data protection in this document or request a copy at the following email address: hola@esenarliving.com<\/p>\t\t\t\t\t\t\t\t<\/div>\n\t\t\t\t<\/div>\n\t\t\t\t<div class=\"elementor-element elementor-element-dd673bd elementor-button-align-stretch elementor-widget elementor-widget-form\" data-id=\"dd673bd\" data-element_type=\"widget\" data-e-type=\"widget\" data-settings=\"{&quot;step_next_label&quot;:&quot;Next&quot;,&quot;step_previous_label&quot;:&quot;Previous&quot;,&quot;button_width&quot;:&quot;100&quot;,&quot;step_type&quot;:&quot;number_text&quot;,&quot;step_icon_shape&quot;:&quot;circle&quot;}\" data-widget_type=\"form.default\">\n\t\t\t\t<div class=\"elementor-widget-container\">\n\t\t\t\t\t\t\t<form class=\"elementor-form\" method=\"post\" name=\"Proteccion de datos\" aria-label=\"Proteccion de datos\">\n\t\t\t<input type=\"hidden\" name=\"post_id\" value=\"4838\"\/>\n\t\t\t<input type=\"hidden\" name=\"form_id\" value=\"dd673bd\"\/>\n\t\t\t<input type=\"hidden\" name=\"referer_title\" value=\"Data Protection\" \/>\n\n\t\t\t\t\t\t\t<input type=\"hidden\" name=\"queried_id\" value=\"4838\"\/>\n\t\t\t\n\t\t\t<div class=\"elementor-form-fields-wrapper elementor-labels-above\">\n\t\t\t\t\t\t\t\t<div class=\"elementor-field-type-text elementor-field-group elementor-column elementor-field-group-name elementor-col-100 elementor-field-required\">\n\t\t\t\t\t\t\t\t\t\t\t\t<label for=\"form-field-name\" class=\"elementor-field-label\">\n\t\t\t\t\t\t\t\tName\t\t\t\t\t\t\t<\/label>\n\t\t\t\t\t\t\t\t\t\t\t\t\t\t<input size=\"1\" type=\"text\" name=\"form_fields[name]\" id=\"form-field-name\" class=\"elementor-field elementor-size-sm  elementor-field-textual\" placeholder=\"Name\" required=\"required\">\n\t\t\t\t\t\t\t\t\t\t\t<\/div>\n\t\t\t\t\t\t\t\t<div class=\"elementor-field-type-text elementor-field-group elementor-column elementor-field-group-field_17b1ce2 elementor-col-100 elementor-field-required\">\n\t\t\t\t\t\t\t\t\t\t\t\t<label for=\"form-field-field_17b1ce2\" class=\"elementor-field-label\">\n\t\t\t\t\t\t\t\tSurname\t\t\t\t\t\t\t<\/label>\n\t\t\t\t\t\t\t\t\t\t\t\t\t\t<input size=\"1\" type=\"text\" name=\"form_fields[field_17b1ce2]\" id=\"form-field-field_17b1ce2\" class=\"elementor-field elementor-size-sm  elementor-field-textual\" placeholder=\"Surname\" required=\"required\">\n\t\t\t\t\t\t\t\t\t\t\t<\/div>\n\t\t\t\t\t\t\t\t<div class=\"elementor-field-type-text elementor-field-group elementor-column elementor-field-group-email elementor-col-100 elementor-field-required\">\n\t\t\t\t\t\t\t\t\t\t\t\t<label for=\"form-field-email\" class=\"elementor-field-label\">\n\t\t\t\t\t\t\t\tID\/NIE\t\t\t\t\t\t\t<\/label>\n\t\t\t\t\t\t\t\t\t\t\t\t\t\t<input size=\"1\" type=\"text\" name=\"form_fields[email]\" id=\"form-field-email\" class=\"elementor-field elementor-size-sm  elementor-field-textual\" placeholder=\"ID\/NIE\" required=\"required\">\n\t\t\t\t\t\t\t\t\t\t\t<\/div>\n\t\t\t\t\t\t\t\t<div class=\"elementor-field-type-tel elementor-field-group elementor-column elementor-field-group-field_ca3ea10 elementor-col-100 elementor-field-required\">\n\t\t\t\t\t\t\t\t\t\t\t\t<label for=\"form-field-field_ca3ea10\" class=\"elementor-field-label\">\n\t\t\t\t\t\t\t\tPhone\t\t\t\t\t\t\t<\/label>\n\t\t\t\t\t\t\t\t<input size=\"1\" type=\"tel\" name=\"form_fields[field_ca3ea10]\" id=\"form-field-field_ca3ea10\" class=\"elementor-field elementor-size-sm  elementor-field-textual\" placeholder=\"Phone\" required=\"required\" pattern=\"[0-9()#&amp;+*-=.]+\" title=\"S\u00f3lo se aceptan n\u00fameros y caracteres telef\u00f3nicos (#, -, *, etc).\">\n\n\t\t\t\t\t\t<\/div>\n\t\t\t\t\t\t\t\t<div class=\"elementor-field-type-email elementor-field-group elementor-column elementor-field-group-field_6956308 elementor-col-100 elementor-field-required\">\n\t\t\t\t\t\t\t\t\t\t\t\t<label for=\"form-field-field_6956308\" class=\"elementor-field-label\">\n\t\t\t\t\t\t\t\tEmail\t\t\t\t\t\t\t<\/label>\n\t\t\t\t\t\t\t\t\t\t\t\t\t\t<input size=\"1\" type=\"email\" name=\"form_fields[field_6956308]\" id=\"form-field-field_6956308\" class=\"elementor-field elementor-size-sm  elementor-field-textual\" placeholder=\"Email\" required=\"required\">\n\t\t\t\t\t\t\t\t\t\t\t<\/div>\n\t\t\t\t\t\t\t\t<div class=\"elementor-field-type-html elementor-field-group elementor-column elementor-field-group-field_e14e069 elementor-col-100\">\n\t\t\t\t\t If you wish to upload any documents please\u00a0use\u00a0this\u00a0box\t\t\t\t<\/div>\n\t\t\t\t\t\t\t\t<div class=\"elementor-field-type-upload elementor-field-group elementor-column elementor-field-group-field_2a7f792 elementor-col-100\">\n\t\t\t\t\t\t\t\t\t\t\t\t<label for=\"form-field-field_2a7f792\" class=\"elementor-field-label\">\n\t\t\t\t\t\t\t\tAdjuntos\t\t\t\t\t\t\t<\/label>\n\t\t\t\t\t\t\t\t<input type=\"file\" name=\"form_fields[field_2a7f792]\" id=\"form-field-field_2a7f792\" class=\"elementor-field elementor-size-sm  elementor-upload-field\" data-maxsize=\"10\" data-maxsize-message=\"Este archivo excede el tama\u00f1o m\u00e1ximo permitido.\">\n\n\t\t\t\t\t\t<\/div>\n\t\t\t\t\t\t\t\t<div class=\"elementor-field-type-radio elementor-field-group elementor-column elementor-field-group-field_dbaf5b8 elementor-col-100 elementor-field-required\">\n\t\t\t\t\t\t\t\t\t\t\t\t<label for=\"form-field-field_dbaf5b8\" class=\"elementor-field-label\">\n\t\t\t\t\t\t\t\tI wish to receive information about products and services from ESENAR LIVING S.L. by any means, including electronic means:\t\t\t\t\t\t\t<\/label>\n\t\t\t\t\t\t<div class=\"elementor-field-subgroup  elementor-subgroup-inline\"><span class=\"elementor-field-option\"><input type=\"radio\" value=\"Yes\" id=\"form-field-field_dbaf5b8-0\" name=\"form_fields[field_dbaf5b8]\" required=\"required\"> <label for=\"form-field-field_dbaf5b8-0\">Yes<\/label><\/span><span class=\"elementor-field-option\"><input type=\"radio\" value=\"No\" id=\"form-field-field_dbaf5b8-1\" name=\"form_fields[field_dbaf5b8]\" required=\"required\"> <label for=\"form-field-field_dbaf5b8-1\">No<\/label><\/span><\/div>\t\t\t\t<\/div>\n\t\t\t\t\t\t\t\t<div class=\"elementor-field-type-acceptance elementor-field-group elementor-column elementor-field-group-field_5d312e9 elementor-col-100 elementor-field-required\">\n\t\t\t\t\t\t\t\t\t\t\t\t<label for=\"form-field-field_5d312e9\" class=\"elementor-field-label\">\n\t\t\t\t\t\t\t\tI have read and accept the information on data protection\t\t\t\t\t\t\t<\/label>\n\t\t\t\t\t\t\t\t<div class=\"elementor-field-subgroup\">\n\t\t\t<span class=\"elementor-field-option\">\n\t\t\t\t<input type=\"checkbox\" name=\"form_fields[field_5d312e9]\" id=\"form-field-field_5d312e9\" class=\"elementor-field elementor-size-sm  elementor-acceptance-field\" required=\"required\">\n\t\t\t\t\t\t\t<\/span>\n\t\t<\/div>\n\t\t\t\t\t\t<\/div>\n\t\t\t\t\t\t\t\t<div class=\"elementor-field-group elementor-column elementor-field-type-submit elementor-col-100 e-form__buttons\">\n\t\t\t\t\t<button class=\"elementor-button elementor-size-sm\" type=\"submit\">\n\t\t\t\t\t\t<span class=\"elementor-button-content-wrapper\">\n\t\t\t\t\t\t\t\t\t\t\t\t\t\t\t\t\t\t\t\t\t\t<span class=\"elementor-button-text\">SEND<\/span>\n\t\t\t\t\t\t\t\t\t\t\t\t\t<\/span>\n\t\t\t\t\t<\/button>\n\t\t\t\t<\/div>\n\t\t\t<\/div>\n\t\t<\/form>\n\t\t\t\t\t\t<\/div>\n\t\t\t\t<\/div>\n\t\t\t\t\t<\/div>\n\t\t\t\t<\/div>\n\t\t<div class=\"elementor-element elementor-element-ac57b23 e-flex e-con-boxed e-con e-parent\" data-id=\"ac57b23\" data-element_type=\"container\" data-e-type=\"container\">\n\t\t\t\t\t<div class=\"e-con-inner\">\n\t\t\t\t<div class=\"elementor-element elementor-element-fe56576 elementor-widget elementor-widget-text-editor\" data-id=\"fe56576\" data-element_type=\"widget\" data-e-type=\"widget\" data-widget_type=\"text-editor.default\">\n\t\t\t\t<div class=\"elementor-widget-container\">\n\t\t\t\t\t\t\t\t\t<p>ADDITIONAL DATA PROTECTION INFORMATION<br><br><b>1 &#8211; Who is responsible for processing your data?<br><\/b>Identity: ESENAR LIVING S.L. &#8211; B13711031<br>Address: CALLE CARNICERO, 20 1 B. 29620, TORREMOLINOS, MALAGA<br>Website: www.esenarliving.com<br>Phone: 671 07 14 14<br>Email: hola@esenarliving.com<br><br><b>2 &#8211; What is the purpose of processing your data?<br><\/b>At ESENAR LIVING, S.L., we use the data provided for the provision of insurance brokerage services for which we have been contracted (policy hiring, claims management, service billing) and for sending commercial communications about our brokerage products and services by any means, including electronic media.<br><br><b>3 &#8211; What is the legitimacy for the processing of your data?<br><\/b>The legitimacy for the processing of your data is based on the proper execution of the contract, making it impossible to maintain the contractual relationship without this information.<br><br>The legitimacy for sending commercial communications is based on the consent of the interested party provided in the various forms by ticking the corresponding box.<br><br><b>4 &#8211; How long do we keep your data?<br><\/b>The data will be kept for the duration of the contractual relationship and once it has ended, for the prescription period of the responsibilities arising from the contract or service.<br><br><b>5 &#8211; What data do we process?<br><\/b>The data processed by ESENAR LIVING, S.L. varies depending on the type of insurance or service requested.<br><br>The affected party guarantees the truthfulness of the data provided and undertakes to communicate any modifications that may occur in the same.<br><br>In case the forms or the documentation provided include personal data of other individuals other than the client, the client must, prior to its inclusion, inform them of the content contained in the previous paragraphs and provide a document with the consent of the data holders for processing by ESENAR LIVING, S.L., accompanied by a copy of the identification document, according to current regulations on data protection.<br><br><b>6 &#8211; Who will your data be communicated to?<br><\/b>Entities in charge of carrying out different searches or tariffs through the insurance and reinsurance company platforms.<br>Banks and savings banks.<br>Insurance and reinsurance companies. This data transfer is essential for the provision of the service. Your data may be transferred to the insurance company that offers the most advantageous economic or coverage conditions.<br><br>Other authorities required by law.<br><br><b>7 &#8211; What rights do you have and how can you exercise them?<br><\/b>Access to your personal data.<br>Rectify them when they are inaccurate or incomplete.<br>Request the deletion or cancellation of data when, among other reasons, they are no longer necessary for the purposes for which they were collected.<br>Object to their processing.<br>Request the limitation of the processing of your data when any of the conditions provided for in the regulations are met.<br>Request the portability of your data in the cases provided for in the regulations.<br>Prevent being subject to automated decisions.<br>Revoke the consents given.<br><br>To exercise your rights, you must send a written request indicating the right you wish to exercise and accompany proof of your identity and postal or electronic address for notification purposes. This request can be made to ESENAR LIVING, S.L., either by postal mail to Plaza Los Curtidos 5 or by email to info@mnas.es.<br><br>ESENAR LIVING, S.L. will respond to the request to exercise rights within one month from the receipt of the request. This period may be extended by another two months if necessary, taking into account the complexity and number of requests. We will inform you of any extension within one month from receiving the request, indicating the reasons for the delay.<br><br>You also have the right to file a complaint with the competent Control Authority (Spanish Data Protection Agency) when you consider that the rights recognized by the data protection regulations have been violated at www.agpd.es.<\/p>\t\t\t\t\t\t\t\t<\/div>\n\t\t\t\t<\/div>\n\t\t\t\t<div class=\"elementor-element elementor-element-a4d9ad9 elementor-widget elementor-widget-image\" data-id=\"a4d9ad9\" data-element_type=\"widget\" data-e-type=\"widget\" data-widget_type=\"image.default\">\n\t\t\t\t<div class=\"elementor-widget-container\">\n\t\t\t\t\t\t\t\t\t\t\t\t\t\t\t\t<a href=\"https:\/\/www.acelerapyme.gob.es\/kit-digital\">\n\t\t\t\t\t\t\t<img fetchpriority=\"high\" decoding=\"async\" width=\"800\" height=\"78\" src=\"https:\/\/esenarliving.com\/wp-content\/uploads\/2024\/04\/msedge_8YUrkgiMPw-1024x100.png\" class=\"attachment-large size-large wp-image-4841\" alt=\"\" srcset=\"https:\/\/esenarliving.com\/wp-content\/uploads\/2024\/04\/msedge_8YUrkgiMPw-1024x100.png 1024w, https:\/\/esenarliving.com\/wp-content\/uploads\/2024\/04\/msedge_8YUrkgiMPw-300x29.png 300w, https:\/\/esenarliving.com\/wp-content\/uploads\/2024\/04\/msedge_8YUrkgiMPw-768x75.png 768w, https:\/\/esenarliving.com\/wp-content\/uploads\/2024\/04\/msedge_8YUrkgiMPw-18x2.png 18w, https:\/\/esenarliving.com\/wp-content\/uploads\/2024\/04\/msedge_8YUrkgiMPw.png 1060w\" sizes=\"(max-width: 800px) 100vw, 800px\" \/>\t\t\t\t\t\t\t\t<\/a>\n\t\t\t\t\t\t\t\t\t\t\t\t\t\t\t<\/div>\n\t\t\t\t<\/div>\n\t\t\t\t\t<\/div>\n\t\t\t\t<\/div>\n\t\t\t\t<\/div>\n\t\t","protected":false},"excerpt":{"rendered":"<p>BASIC DATA PROTECTION INFORMATION Responsible: The controller of your data is ESENAR LIVING, S.L. &#8211; B13711031 with address at CALLE CARNICERO, 20 1 B. 29620, TORREMOLINOS, MALAGA. Purpose: The provided data, including special categories of data such as health information, will be used to provide contracted brokerage services, manage insurance policies, invoice for services, and [&hellip;]<\/p>\n","protected":false},"author":4,"featured_media":0,"parent":0,"menu_order":0,"comment_status":"closed","ping_status":"closed","template":"","meta":{"footnotes":""},"class_list":["post-4838","page","type-page","status-publish","hentry"],"_links":{"self":[{"href":"https:\/\/esenarliving.com\/es\/wp-json\/wp\/v2\/pages\/4838","targetHints":{"allow":["GET"]}}],"collection":[{"href":"https:\/\/esenarliving.com\/es\/wp-json\/wp\/v2\/pages"}],"about":[{"href":"https:\/\/esenarliving.com\/es\/wp-json\/wp\/v2\/types\/page"}],"author":[{"embeddable":true,"href":"https:\/\/esenarliving.com\/es\/wp-json\/wp\/v2\/users\/4"}],"replies":[{"embeddable":true,"href":"https:\/\/esenarliving.com\/es\/wp-json\/wp\/v2\/comments?post=4838"}],"version-history":[{"count":38,"href":"https:\/\/esenarliving.com\/es\/wp-json\/wp\/v2\/pages\/4838\/revisions"}],"predecessor-version":[{"id":6681,"href":"https:\/\/esenarliving.com\/es\/wp-json\/wp\/v2\/pages\/4838\/revisions\/6681"}],"wp:attachment":[{"href":"https:\/\/esenarliving.com\/es\/wp-json\/wp\/v2\/media?parent=4838"}],"curies":[{"name":"wp","href":"https:\/\/api.w.org\/{rel}","templated":true}]}}