{"id":4857,"date":"2024-04-11T13:41:59","date_gmt":"2024-04-11T12:41:59","guid":{"rendered":"https:\/\/esenarliving.com\/?page_id=4857"},"modified":"2026-03-26T10:33:38","modified_gmt":"2026-03-26T09:33:38","slug":"proteccion-de-datos","status":"publish","type":"page","link":"https:\/\/esenarliving.com\/es\/proteccion-de-datos\/","title":{"rendered":"Protecci\u00f3n de Datos &#8211; ES"},"content":{"rendered":"\t\t<div data-elementor-type=\"wp-page\" data-elementor-id=\"4857\" class=\"elementor elementor-4857\" data-elementor-post-type=\"page\">\n\t\t\t\t<div class=\"elementor-element elementor-element-6f1611a e-flex e-con-boxed e-con e-parent\" data-id=\"6f1611a\" data-element_type=\"container\" data-e-type=\"container\">\n\t\t\t\t\t<div class=\"e-con-inner\">\n\t\t\t\t<div class=\"elementor-element elementor-element-2adc402 elementor-widget elementor-widget-heading\" data-id=\"2adc402\" data-element_type=\"widget\" data-e-type=\"widget\" data-widget_type=\"heading.default\">\n\t\t\t\t<div class=\"elementor-widget-container\">\n\t\t\t\t\t<h2 class=\"elementor-heading-title elementor-size-default\">INFORMACI\u00d3N B\u00c1SICA DE PROTECCI\u00d3N DE DATOS\n<\/h2>\t\t\t\t<\/div>\n\t\t\t\t<\/div>\n\t\t\t\t<div class=\"elementor-element elementor-element-9167ddb elementor-widget elementor-widget-text-editor\" data-id=\"9167ddb\" data-element_type=\"widget\" data-e-type=\"widget\" data-widget_type=\"text-editor.default\">\n\t\t\t\t<div class=\"elementor-widget-container\">\n\t\t\t\t\t\t\t\t\t<p>Responsable:<br \/>El responsable del tratamiento de sus datos es ESENAR LIVING, S.L. \u2013 B13711031, con domicilio en Calle Carnicero, 20, 1\u00ba B, 29620 Torremolinos, M\u00e1laga.<\/p><p>Finalidad:<br \/>Los datos personales facilitados, incluidos aquellos de car\u00e1cter sensible como documentaci\u00f3n identificativa (DNI\/NIE\/pasaporte), datos econ\u00f3micos (n\u00f3minas, contratos de trabajo, informaci\u00f3n bancaria como IBAN) u otra documentaci\u00f3n necesaria, ser\u00e1n utilizados con la finalidad de gestionar su solicitud, evaluar su perfil como cliente o arrendatario\/comprador, intermediar en operaciones inmobiliarias (alquiler o compraventa), formalizar contratos, as\u00ed como para la gesti\u00f3n administrativa, contable y fiscal derivada de la relaci\u00f3n profesional.<\/p><p>Asimismo, y siempre que lo autorice expresamente, sus datos podr\u00e1n ser utilizados para el env\u00edo de comunicaciones comerciales relacionadas con servicios inmobiliarios.<\/p><p>Legitimaci\u00f3n:<br \/>La base legal para el tratamiento de sus datos es la ejecuci\u00f3n de la relaci\u00f3n precontractual o contractual, as\u00ed como el consentimiento del interesado.<\/p><p>Destinatarios:<br \/>Sus datos podr\u00e1n ser comunicados, cuando sea necesario para la correcta prestaci\u00f3n del servicio, a propietarios de inmuebles, promotores, entidades financieras, aseguradoras, gestor\u00edas, notarias, registros de la propiedad, plataformas inmobiliarias y organismos p\u00fablicos, as\u00ed como a terceros obligados por Ley. En todo caso, se garantizar\u00e1 la confidencialidad y el uso adecuado de su informaci\u00f3n.<\/p><p>Derechos:<br \/>Puede ejercer sus derechos de acceso, rectificaci\u00f3n, supresi\u00f3n, oposici\u00f3n, limitaci\u00f3n del tratamiento, portabilidad de sus datos y a no ser objeto de decisiones automatizadas, as\u00ed como retirar el consentimiento prestado en cualquier momento, mediante solicitud dirigida a hola@esenarliving.com<\/p><p>Informaci\u00f3n adicional:<br \/>Puede solicitar informaci\u00f3n adicional y detallada sobre protecci\u00f3n de datos en el correo electr\u00f3nico hola@esenarliving.com<\/p>\t\t\t\t\t\t\t\t<\/div>\n\t\t\t\t<\/div>\n\t\t\t\t<div class=\"elementor-element elementor-element-dd673bd elementor-button-align-stretch elementor-widget elementor-widget-form\" data-id=\"dd673bd\" data-element_type=\"widget\" data-e-type=\"widget\" data-settings=\"{&quot;step_next_label&quot;:&quot;Next&quot;,&quot;step_previous_label&quot;:&quot;Previous&quot;,&quot;button_width&quot;:&quot;100&quot;,&quot;step_type&quot;:&quot;number_text&quot;,&quot;step_icon_shape&quot;:&quot;circle&quot;}\" data-widget_type=\"form.default\">\n\t\t\t\t<div class=\"elementor-widget-container\">\n\t\t\t\t\t\t\t<form class=\"elementor-form\" method=\"post\" name=\"Proteccion de datos\" aria-label=\"Proteccion de datos\">\n\t\t\t<input type=\"hidden\" name=\"post_id\" value=\"4857\"\/>\n\t\t\t<input type=\"hidden\" name=\"form_id\" value=\"dd673bd\"\/>\n\t\t\t<input type=\"hidden\" name=\"referer_title\" value=\"Protecci\u00f3n de Datos &#8211; ES\" \/>\n\n\t\t\t\t\t\t\t<input type=\"hidden\" name=\"queried_id\" value=\"4857\"\/>\n\t\t\t\n\t\t\t<div class=\"elementor-form-fields-wrapper elementor-labels-above\">\n\t\t\t\t\t\t\t\t<div class=\"elementor-field-type-text elementor-field-group elementor-column elementor-field-group-name elementor-col-100 elementor-field-required\">\n\t\t\t\t\t\t\t\t\t\t\t\t<label for=\"form-field-name\" class=\"elementor-field-label\">\n\t\t\t\t\t\t\t\tNombre\t\t\t\t\t\t\t<\/label>\n\t\t\t\t\t\t\t\t\t\t\t\t\t\t<input size=\"1\" type=\"text\" name=\"form_fields[name]\" id=\"form-field-name\" class=\"elementor-field elementor-size-sm  elementor-field-textual\" placeholder=\"Nombre*\" required=\"required\">\n\t\t\t\t\t\t\t\t\t\t\t<\/div>\n\t\t\t\t\t\t\t\t<div class=\"elementor-field-type-text elementor-field-group elementor-column elementor-field-group-field_17b1ce2 elementor-col-100 elementor-field-required\">\n\t\t\t\t\t\t\t\t\t\t\t\t<label for=\"form-field-field_17b1ce2\" class=\"elementor-field-label\">\n\t\t\t\t\t\t\t\tApellidos\t\t\t\t\t\t\t<\/label>\n\t\t\t\t\t\t\t\t\t\t\t\t\t\t<input size=\"1\" type=\"text\" name=\"form_fields[field_17b1ce2]\" id=\"form-field-field_17b1ce2\" class=\"elementor-field elementor-size-sm  elementor-field-textual\" placeholder=\"Apellidos*\" required=\"required\">\n\t\t\t\t\t\t\t\t\t\t\t<\/div>\n\t\t\t\t\t\t\t\t<div class=\"elementor-field-type-text elementor-field-group elementor-column elementor-field-group-email elementor-col-100 elementor-field-required\">\n\t\t\t\t\t\t\t\t\t\t\t\t<label for=\"form-field-email\" class=\"elementor-field-label\">\n\t\t\t\t\t\t\t\tCIF O DNI\t\t\t\t\t\t\t<\/label>\n\t\t\t\t\t\t\t\t\t\t\t\t\t\t<input size=\"1\" type=\"text\" name=\"form_fields[email]\" id=\"form-field-email\" class=\"elementor-field elementor-size-sm  elementor-field-textual\" placeholder=\"CIF \/ DNI*\" required=\"required\">\n\t\t\t\t\t\t\t\t\t\t\t<\/div>\n\t\t\t\t\t\t\t\t<div class=\"elementor-field-type-tel elementor-field-group elementor-column elementor-field-group-field_ca3ea10 elementor-col-100 elementor-field-required\">\n\t\t\t\t\t\t\t\t\t\t\t\t<label for=\"form-field-field_ca3ea10\" class=\"elementor-field-label\">\n\t\t\t\t\t\t\t\tTelefono\t\t\t\t\t\t\t<\/label>\n\t\t\t\t\t\t\t\t<input size=\"1\" type=\"tel\" name=\"form_fields[field_ca3ea10]\" id=\"form-field-field_ca3ea10\" class=\"elementor-field elementor-size-sm  elementor-field-textual\" placeholder=\"Telefono*\" required=\"required\" pattern=\"[0-9()#&amp;+*-=.]+\" title=\"S\u00f3lo se aceptan n\u00fameros y caracteres telef\u00f3nicos (#, -, *, etc).\">\n\n\t\t\t\t\t\t<\/div>\n\t\t\t\t\t\t\t\t<div class=\"elementor-field-type-radio elementor-field-group elementor-column elementor-field-group-field_dbaf5b8 elementor-col-100 elementor-field-required\">\n\t\t\t\t\t\t\t\t\t\t\t\t<label for=\"form-field-field_dbaf5b8\" class=\"elementor-field-label\">\n\t\t\t\t\t\t\t\tDeseo recibir informaci\u00f3n de productos y servicios de ESENAR LIVING S.L. por cualquier medio, incluidos los medios electr\u00f3nicos: \t\t\t\t\t\t\t<\/label>\n\t\t\t\t\t\t<div class=\"elementor-field-subgroup  elementor-subgroup-inline\"><span class=\"elementor-field-option\"><input type=\"radio\" value=\"Si\" id=\"form-field-field_dbaf5b8-0\" name=\"form_fields[field_dbaf5b8]\" required=\"required\"> <label for=\"form-field-field_dbaf5b8-0\">Si<\/label><\/span><span class=\"elementor-field-option\"><input type=\"radio\" value=\"No\" id=\"form-field-field_dbaf5b8-1\" name=\"form_fields[field_dbaf5b8]\" required=\"required\"> <label for=\"form-field-field_dbaf5b8-1\">No<\/label><\/span><\/div>\t\t\t\t<\/div>\n\t\t\t\t\t\t\t\t<div class=\"elementor-field-type-acceptance elementor-field-group elementor-column elementor-field-group-field_5d312e9 elementor-col-100 elementor-field-required\">\n\t\t\t\t\t\t\t\t\t\t\t\t<label for=\"form-field-field_5d312e9\" class=\"elementor-field-label\">\n\t\t\t\t\t\t\t\tHe le\u00eddo y acepto la la informaci\u00f3n sobre protecci\u00f3n de datos\t\t\t\t\t\t\t<\/label>\n\t\t\t\t\t\t\t\t<div class=\"elementor-field-subgroup\">\n\t\t\t<span class=\"elementor-field-option\">\n\t\t\t\t<input type=\"checkbox\" name=\"form_fields[field_5d312e9]\" id=\"form-field-field_5d312e9\" class=\"elementor-field elementor-size-sm  elementor-acceptance-field\" required=\"required\">\n\t\t\t\t\t\t\t<\/span>\n\t\t<\/div>\n\t\t\t\t\t\t<\/div>\n\t\t\t\t\t\t\t\t<div class=\"elementor-field-type-recaptcha_v3 elementor-field-group elementor-column elementor-field-group-field_1280017 elementor-col-100 recaptcha_v3-bottomright\">\n\t\t\t\t\t<div class=\"elementor-field\" id=\"form-field-field_1280017\"><div class=\"elementor-g-recaptcha\" data-sitekey=\"6Le2-hIqAAAAAN0u4XdRP5rPz9N2vSMpflBZ7Tdt\" data-type=\"v3\" data-action=\"Form\" data-badge=\"bottomright\" data-size=\"invisible\"><\/div><\/div>\t\t\t\t<\/div>\n\t\t\t\t\t\t\t\t<div class=\"elementor-field-group elementor-column elementor-field-type-submit elementor-col-100 e-form__buttons\">\n\t\t\t\t\t<button class=\"elementor-button elementor-size-sm\" type=\"submit\">\n\t\t\t\t\t\t<span class=\"elementor-button-content-wrapper\">\n\t\t\t\t\t\t\t\t\t\t\t\t\t\t\t\t\t\t\t\t\t\t<span class=\"elementor-button-text\">ENVIAR<\/span>\n\t\t\t\t\t\t\t\t\t\t\t\t\t<\/span>\n\t\t\t\t\t<\/button>\n\t\t\t\t<\/div>\n\t\t\t<\/div>\n\t\t<\/form>\n\t\t\t\t\t\t<\/div>\n\t\t\t\t<\/div>\n\t\t\t\t\t<\/div>\n\t\t\t\t<\/div>\n\t\t<div class=\"elementor-element elementor-element-ac57b23 e-flex e-con-boxed e-con e-parent\" data-id=\"ac57b23\" data-element_type=\"container\" data-e-type=\"container\">\n\t\t\t\t\t<div class=\"e-con-inner\">\n\t\t\t\t<div class=\"elementor-element elementor-element-fe56576 elementor-widget elementor-widget-text-editor\" data-id=\"fe56576\" data-element_type=\"widget\" data-e-type=\"widget\" data-widget_type=\"text-editor.default\">\n\t\t\t\t<div class=\"elementor-widget-container\">\n\t\t\t\t\t\t\t\t\t<p>INFORMACI\u00d3N ADICIONAL DE PROTECCI\u00d3N DE DATOS<\/p><p><strong>1 \u2013 \u00bfQui\u00e9n<\/strong>\u00a0<strong>es<\/strong>\u00a0<strong>el responsable del tratamiento de sus datos?<\/strong><\/p><p>Identidad: ESENAR LIVING\u00a0 S.L. \u2013 B13711031<\/p><p>Direcci\u00f3n: CALLE CARNICERO, 20 1 B.\u00a029620,\u00a0TORREMOLINOS,\u00a0MALAGA<\/p><p>Web: www.esenarliving.com\u00a0<\/p><p>Tel\u00e9fono: <a href=\"https:\/\/www.google.com\/search?q=esenar+living&amp;oq=esenar+living&amp;gs_lcrp=EgZjaHJvbWUyBggAEEUYOTIMCAEQABhDGIAEGIoFMgwIAhAAGEMYgAQYigUyDAgDEAAYQxiABBiKBTIMCAQQABhDGIAEGIoFMgwIBRAAGEMYgAQYigUyBggGEEUYPDIGCAcQRRg8MgYICBBFGDzSAQgxMjk1ajBqMagCALACAA&amp;sourceid=chrome&amp;ie=UTF-8#\" data-dtype=\"d3ph\" data-local-attribute=\"d3ph\" data-ved=\"2ahUKEwjuqa2A6bmFAxXh8QIHHQ3LD2wQkAgoAHoFCKkBEAM\"><span aria-label=\"Call phone number 671 07 14 14\">671 07 14 14<\/span><\/a><\/p><p>Correo: hola@esenarliving.com<\/p><p><strong>2 \u2013\u00a0<\/strong><strong>\u00bfCon<\/strong>\u00a0<strong>que<\/strong>\u00a0<strong>finalidad tratamos<\/strong>\u00a0<strong>sus datos?<\/strong><\/p><p>En ESENAR LIVING, S.L.<em>\u00a0\u00a0<\/em>usamos los datos facilitados la prestaci\u00f3n de los servicios de corredur\u00eda de seguros para los que hemos sido contratados (contrataci\u00f3n de la p\u00f3liza, gesti\u00f3n de siniestros, facturaci\u00f3n del servicio) y para la remisi\u00f3n de comunicaciones comerciales de productos y servicios de nuestra corredur\u00eda por cualquier medio, incluidos los medios electr\u00f3nicos.<\/p><p><strong>3 \u2013 \u00bfCu\u00e1l es la legitimaci\u00f3n para el tratamiento de sus datos?<\/strong><\/p><p>La legitimaci\u00f3n para el tratamiento de sus datos est\u00e1 basada en la correcta\u00a0<strong>ejecuci\u00f3n del contrato<\/strong>, no siendo posible mantener la relaci\u00f3n contractual sin dicha informaci\u00f3n.<\/p><p>La legitimaci\u00f3n para el env\u00edo de comunicaciones comerciales se basa en el consentimiento del interesado prestado en los diversos formulario mediante la marcaci\u00f3n de la casilla correspondiente.<\/p><p><strong>4 \u2013 \u00bfDurante cu\u00e1nto tiempo conservamos sus datos?<\/strong><\/p><p>Los datos ser\u00e1n conservados durante el tiempo que la relaci\u00f3n contractual se encuentre vigente, y una vez finalizada durante el plazo de prescripci\u00f3n de las responsabilidades derivadas del contrato o servicio.<\/p><p><strong>5 \u2013 Qu\u00e9 datos tratamos?<\/strong><strong>\u00a0<\/strong><\/p><ul><li><strong>Datos identificativos:<\/strong>\u00a0Nombre y apellidos, DNI\/Documento identificativo, n\u00famero de registro de personal, direcci\u00f3n postal y electr\u00f3nica, firma y tel\u00e9fono.<\/li><li><strong>Datos de caracter\u00edsticas personales:<\/strong>\u00a0Estado civil, nacionalidad, edad, datos de familia, fecha y lugar de nacimiento.<\/li><li><strong>Datos de circunstancias sociales:<\/strong>\u00a0Caracter\u00edsticas de alojamiento, vivienda, aficiones y estilo de vida, licencias, permisos, autorizaciones, propiedades y posesiones, datos de veh\u00edculo<\/li><li><strong>Datos acad\u00e9micos y y profesionales:\u00a0<\/strong>Titulaciones<\/li><li><strong>Datos de detalle de empleo:\u00a0<\/strong>Profesi\u00f3n, puesto de trabajo<\/li><li><strong>Datos empresariales:<\/strong>\u00a0Actividades y negocios<\/li><li><strong>Datos de salud<\/strong><\/li><li><strong>Datos econ\u00f3mico-financieros:<\/strong>, Seguros, Planes de pensiones, Datos bancarios, ingresos, rentas, inversiones<\/li><li><strong>Datos de transacciones:<\/strong>\u00a0Bienes y servicios recibidos por el interesado, Compensaciones, indemnizaciones.<\/li><\/ul><p>Los datos tratados por ESENAR LIVING, S.L.\u00a0 var\u00edan en funci\u00f3n del tipo de seguro o servicio solicitado.<\/p><p>El afectado garantiza la veracidad de los datos aportados y se compromete a comunicar cualquier modificaci\u00f3n que se produzca en los mismo.<\/p><p>En el caso de que los formularios o en la documentaci\u00f3n aportada se incluyan datos de car\u00e1cter personal de otras personas f\u00edsicas distintas del cliente, el cliente deber\u00e1, con car\u00e1cter previo a su inclusi\u00f3n, informarles de los extremos contenidos en los p\u00e1rrafos anteriores y proporcionar un documento con el consentimiento de los titulares de los datos para su tratamiento por parte de ESENAR LIVING, S.L. acompa\u00f1ado de una copia del documento identificativo, seg\u00fan normativa vigente en protecci\u00f3n de datos.<strong>\u00a0<\/strong><\/p><p><strong>6 \u2013 \u00bfA qui\u00e9n se comunicar\u00e1n sus datos?<\/strong><\/p><ul><li>Entidades encargadas de realizar distintas b\u00fasquedas o tarificaciones a trav\u00e9s de las plataformas de las compa\u00f1\u00edas de seguros y reaseguros<\/li><li>Entidades bancarias y cajas de ahorro<\/li><li>Compa\u00f1\u00edas de seguros y reaseguros. Esta cesi\u00f3n de datos resulta indispensable para la prestaci\u00f3n del servicio. Sus datos podr\u00e1n ser cedidos a aquella compa\u00f1\u00eda de seguros que ofrezca las condiciones econ\u00f3micas o de cobertura m\u00e1s ventajosas.<\/li><li>Otros organismos obligados por Ley.<strong>\u00a0<\/strong><\/li><\/ul><p><strong>7 \u2013 \u00bfQu\u00e9 derechos le asisten y c\u00f3mo puede ejercitarlos?<\/strong><\/p><ul><li>Acceder a sus datos personales.<\/li><li>Rectificarlos cuando son inexactos o incompletos.<\/li><li>Solicitar la supresi\u00f3n o cancelaci\u00f3n de los datos cuando, entre otros motivos hayan dejado de ser necesarios para los fines para los que fueron recogidos.<\/li><li>Oponerse a su tratamiento<\/li><li>Pedir la limitaci\u00f3n del tratamiento de sus datos cuando se den alguna de las condiciones previstas en la normativa<\/li><li>Solicitar la portabilidad de sus datos en los casos previstos en la normativa<\/li><li>Impedir ser objeto de decisiones automatizadas<\/li><li>Revocar los consentimientos otorgados<\/li><\/ul><p>Para ejercer sus derechos, deber\u00e1 enviar un escrito en el que indique el derecho que desea ejercitar y acompa\u00f1ar documento acreditativo de su identidad y direcci\u00f3n postal o electr\u00f3nica a efectos de notificaci\u00f3n. Esta solicitud puede realizarla a ESENAR LIVING, S.L., bien mediante correo postal a Plaza Los Curtidos 5 o por correo-e a info@mnas.es.\u00a0 \u00a0<\/p><p>ESENAR LIVING, S.L.\u00a0 \u00a0contestar\u00e1 la solicitud del ejercicio de derechos en el plazo de un mes a partir de la recepci\u00f3n de la solicitud. Dicho plazo podr\u00e1 prorrogarse otros dos meses en caso necesario, teniendo en cuenta la complejidad y el n\u00famero de solicitudes. Le informaremos de cualquier pr\u00f3rroga en el plazo de un mes a partir de la recepci\u00f3n de la solicitud indicando los motivos de la dilaci\u00f3n.<\/p><p>Asimismo, tiene derecho a reclamar ante la Autoridad de Control competente (Agencia Espa\u00f1ola de Protecci\u00f3n de Datos) cuando considere vulnerados los derechos que la normativa de protecci\u00f3n de datos les reconoce en www.agpd.es.<\/p>\t\t\t\t\t\t\t\t<\/div>\n\t\t\t\t<\/div>\n\t\t\t\t<div class=\"elementor-element elementor-element-a4d9ad9 elementor-widget elementor-widget-image\" data-id=\"a4d9ad9\" data-element_type=\"widget\" data-e-type=\"widget\" data-widget_type=\"image.default\">\n\t\t\t\t<div class=\"elementor-widget-container\">\n\t\t\t\t\t\t\t\t\t\t\t\t\t\t\t\t<a href=\"https:\/\/www.acelerapyme.gob.es\/kit-digital\">\n\t\t\t\t\t\t\t<img fetchpriority=\"high\" decoding=\"async\" width=\"800\" height=\"78\" src=\"https:\/\/esenarliving.com\/wp-content\/uploads\/2024\/04\/msedge_8YUrkgiMPw-1024x100.png\" class=\"attachment-large size-large wp-image-4841\" alt=\"\" srcset=\"https:\/\/esenarliving.com\/wp-content\/uploads\/2024\/04\/msedge_8YUrkgiMPw-1024x100.png 1024w, https:\/\/esenarliving.com\/wp-content\/uploads\/2024\/04\/msedge_8YUrkgiMPw-300x29.png 300w, https:\/\/esenarliving.com\/wp-content\/uploads\/2024\/04\/msedge_8YUrkgiMPw-768x75.png 768w, https:\/\/esenarliving.com\/wp-content\/uploads\/2024\/04\/msedge_8YUrkgiMPw-18x2.png 18w, https:\/\/esenarliving.com\/wp-content\/uploads\/2024\/04\/msedge_8YUrkgiMPw.png 1060w\" sizes=\"(max-width: 800px) 100vw, 800px\" \/>\t\t\t\t\t\t\t\t<\/a>\n\t\t\t\t\t\t\t\t\t\t\t\t\t\t\t<\/div>\n\t\t\t\t<\/div>\n\t\t\t\t\t<\/div>\n\t\t\t\t<\/div>\n\t\t\t\t<\/div>\n\t\t","protected":false},"excerpt":{"rendered":"<p>INFORMACI\u00d3N B\u00c1SICA DE PROTECCI\u00d3N DE DATOS Responsable:El responsable del tratamiento de sus datos es ESENAR LIVING, S.L. \u2013 B13711031, con domicilio en Calle Carnicero, 20, 1\u00ba B, 29620 Torremolinos, M\u00e1laga. Finalidad:Los datos personales facilitados, incluidos aquellos de car\u00e1cter sensible como documentaci\u00f3n identificativa (DNI\/NIE\/pasaporte), datos econ\u00f3micos (n\u00f3minas, contratos de trabajo, informaci\u00f3n bancaria como IBAN) u otra [&hellip;]<\/p>\n","protected":false},"author":4,"featured_media":0,"parent":0,"menu_order":0,"comment_status":"closed","ping_status":"closed","template":"elementor_header_footer","meta":{"footnotes":""},"class_list":["post-4857","page","type-page","status-publish","hentry"],"_links":{"self":[{"href":"https:\/\/esenarliving.com\/es\/wp-json\/wp\/v2\/pages\/4857","targetHints":{"allow":["GET"]}}],"collection":[{"href":"https:\/\/esenarliving.com\/es\/wp-json\/wp\/v2\/pages"}],"about":[{"href":"https:\/\/esenarliving.com\/es\/wp-json\/wp\/v2\/types\/page"}],"author":[{"embeddable":true,"href":"https:\/\/esenarliving.com\/es\/wp-json\/wp\/v2\/users\/4"}],"replies":[{"embeddable":true,"href":"https:\/\/esenarliving.com\/es\/wp-json\/wp\/v2\/comments?post=4857"}],"version-history":[{"count":14,"href":"https:\/\/esenarliving.com\/es\/wp-json\/wp\/v2\/pages\/4857\/revisions"}],"predecessor-version":[{"id":6727,"href":"https:\/\/esenarliving.com\/es\/wp-json\/wp\/v2\/pages\/4857\/revisions\/6727"}],"wp:attachment":[{"href":"https:\/\/esenarliving.com\/es\/wp-json\/wp\/v2\/media?parent=4857"}],"curies":[{"name":"wp","href":"https:\/\/api.w.org\/{rel}","templated":true}]}}